{"id":6282,"date":"2025-01-09T13:00:56","date_gmt":"2025-01-09T12:00:56","guid":{"rendered":"https:\/\/www.dies.it\/service-wartung-ersatzteile\/"},"modified":"2025-07-09T15:32:50","modified_gmt":"2025-07-09T13:32:50","slug":"service-wartung-ersatzteile","status":"publish","type":"page","link":"https:\/\/www.dies.it\/de\/service-wartung-ersatzteile\/","title":{"rendered":"Service, Wartung, Ersatzteile"},"content":{"rendered":"\t\t<div data-elementor-type=\"wp-page\" data-elementor-id=\"6282\" class=\"elementor elementor-6282 elementor-4212\">\n\t\t\t\t<div class=\"elementor-element elementor-element-5cc8c30 e-flex e-con-boxed e-con e-parent\" data-id=\"5cc8c30\" data-element_type=\"container\" data-e-type=\"container\">\n\t\t\t\t\t<div class=\"e-con-inner\">\n\t\t<div class=\"elementor-element elementor-element-522b254 e-con-full e-flex e-con e-child\" data-id=\"522b254\" data-element_type=\"container\" data-e-type=\"container\">\n\t\t\t\t<div class=\"elementor-element elementor-element-568dff9 elementor-widget elementor-widget-text-editor\" data-id=\"568dff9\" data-element_type=\"widget\" data-e-type=\"widget\" data-widget_type=\"text-editor.default\">\n\t\t\t\t<div class=\"elementor-widget-container\">\n\t\t\t\t\t\t\t\t\t<p>Wir garantieren eine <strong>kontinuierliche Unterst\u00fctzung<\/strong> und eine langfristige Zusammenarbeit mit unseren Kunden, indem wir <strong>technische Unterst\u00fctzung<\/strong>, <strong>Wartung<\/strong> und st\u00e4ndige <strong>Verbesserungen<\/strong> f\u00fcr jede Art von <strong>Form<\/strong>teilen aus <strong>Blech<\/strong>,<strong> vorlackiertem Blech<\/strong> und<strong> ro<\/strong>stfreiem Stahl anbieten.<\/p>\n\t\t\t\t\t\t\t\t<\/div>\n\t\t\t\t<\/div>\n\t\t\t\t<div class=\"elementor-element elementor-element-64b7b65 elementor-widget elementor-widget-html\" data-id=\"64b7b65\" data-element_type=\"widget\" data-e-type=\"widget\" data-widget_type=\"html.default\">\n\t\t\t\t<div class=\"elementor-widget-container\">\n\t\t\t\t\t<div class=\"btn-box\">\n<a class=\"theme-btn btn-two\" href=\"https:\/\/www.dies.it\/de\/angebot-anfordern\/\" target=\"_blank\"><span>Ersatzteile<br>und\/oder Wartung anfordern<\/span><\/a><\/div>\t\t\t\t<\/div>\n\t\t\t\t<\/div>\n\t\t\t\t<div class=\"elementor-element elementor-element-688f807 elementor-widget elementor-widget-image\" data-id=\"688f807\" data-element_type=\"widget\" data-e-type=\"widget\" data-widget_type=\"image.default\">\n\t\t\t\t<div class=\"elementor-widget-container\">\n\t\t\t\t\t\t\t\t\t\t\t\t\t\t\t<img fetchpriority=\"high\" decoding=\"async\" width=\"525\" height=\"402\" src=\"https:\/\/www.dies.it\/wp-content\/uploads\/2025\/01\/stampi_progressivi_dies.jpg\" class=\"attachment-large size-large wp-image-5939\" alt=\"\" srcset=\"https:\/\/www.dies.it\/wp-content\/uploads\/2025\/01\/stampi_progressivi_dies.jpg 689w, https:\/\/www.dies.it\/wp-content\/uploads\/2025\/01\/stampi_progressivi_dies-300x230.jpg 300w, https:\/\/www.dies.it\/wp-content\/uploads\/2025\/01\/stampi_progressivi_dies-600x460.jpg 600w\" sizes=\"(max-width: 525px) 100vw, 525px\" \/>\t\t\t\t\t\t\t\t\t\t\t\t\t\t\t<\/div>\n\t\t\t\t<\/div>\n\t\t\t\t<\/div>\n\t\t<div class=\"elementor-element elementor-element-fce1bde e-con-full e-flex e-con e-child\" data-id=\"fce1bde\" data-element_type=\"container\" data-e-type=\"container\">\n\t\t<div class=\"elementor-element elementor-element-2f62de2 e-con-full e-flex e-con e-child\" data-id=\"2f62de2\" data-element_type=\"container\" data-e-type=\"container\">\n\t\t\t\t<div class=\"elementor-element elementor-element-15ed5a0 elementor-widget elementor-widget-image\" data-id=\"15ed5a0\" data-element_type=\"widget\" data-e-type=\"widget\" data-widget_type=\"image.default\">\n\t\t\t\t<div class=\"elementor-widget-container\">\n\t\t\t\t\t\t\t\t\t\t\t\t\t\t\t<img decoding=\"async\" width=\"525\" height=\"525\" src=\"https:\/\/www.dies.it\/wp-content\/uploads\/2025\/01\/contropannello-1024x1024.jpg\" class=\"attachment-large size-large wp-image-5969\" alt=\"\" srcset=\"https:\/\/www.dies.it\/wp-content\/uploads\/2025\/01\/contropannello-1024x1024.jpg 1024w, https:\/\/www.dies.it\/wp-content\/uploads\/2025\/01\/contropannello-300x300.jpg 300w, https:\/\/www.dies.it\/wp-content\/uploads\/2025\/01\/contropannello-150x150.jpg 150w, https:\/\/www.dies.it\/wp-content\/uploads\/2025\/01\/contropannello-768x768.jpg 768w, https:\/\/www.dies.it\/wp-content\/uploads\/2025\/01\/contropannello-1536x1536.jpg 1536w, https:\/\/www.dies.it\/wp-content\/uploads\/2025\/01\/contropannello-2048x2048.jpg 2048w, https:\/\/www.dies.it\/wp-content\/uploads\/2025\/01\/contropannello-280x280.jpg 280w, https:\/\/www.dies.it\/wp-content\/uploads\/2025\/01\/contropannello-70x70.jpg 70w, https:\/\/www.dies.it\/wp-content\/uploads\/2025\/01\/contropannello-80x80.jpg 80w, https:\/\/www.dies.it\/wp-content\/uploads\/2025\/01\/contropannello-600x600.jpg 600w, https:\/\/www.dies.it\/wp-content\/uploads\/2025\/01\/contropannello-100x100.jpg 100w\" sizes=\"(max-width: 525px) 100vw, 525px\" \/>\t\t\t\t\t\t\t\t\t\t\t\t\t\t\t<\/div>\n\t\t\t\t<\/div>\n\t\t\t\t<\/div>\n\t\t\t\t<\/div>\n\t\t\t\t\t<\/div>\n\t\t\t\t<\/div>\n\t\t\t\t<\/div>\n\t\t","protected":false},"excerpt":{"rendered":"<p>Wir garantieren eine kontinuierliche Unterst\u00fctzung und eine langfristige Zusammenarbeit mit unseren Kunden, indem wir technische Unterst\u00fctzung, Wartung und st\u00e4ndige Verbesserungen f\u00fcr jede Art von Formteilen aus Blech, vorlackiertem Blech und rostfreiem Stahl anbieten. Ersatzteileund\/oder Wartung anfordern<\/p>\n","protected":false},"author":2,"featured_media":0,"parent":0,"menu_order":0,"comment_status":"closed","ping_status":"closed","template":"","meta":{"footnotes":""},"class_list":["post-6282","page","type-page","status-publish","hentry"],"yoast_head":"<!-- This site is optimized with the Yoast SEO plugin v27.5 - https:\/\/yoast.com\/product\/yoast-seo-wordpress\/ -->\n<title>DIES Service Wartung Ersatzteile f\u00fcr Blechformen<\/title>\n<meta name=\"description\" content=\"Service, Wartung, Ersatzteile DIES bietet kontinuierliche Verbesserungen f\u00fcr alle Arten von Formen, die Blechteile herstellen\" \/>\n<meta name=\"robots\" content=\"index, follow, max-snippet:-1, max-image-preview:large, max-video-preview:-1\" \/>\n<link rel=\"canonical\" href=\"https:\/\/www.dies.it\/de\/service-wartung-ersatzteile\/\" \/>\n<meta property=\"og:locale\" content=\"de_DE\" \/>\n<meta property=\"og:type\" content=\"article\" \/>\n<meta property=\"og:title\" content=\"DIES Service Wartung Ersatzteile f\u00fcr Blechformen\" \/>\n<meta property=\"og:description\" content=\"Service, Wartung, Ersatzteile DIES bietet kontinuierliche Verbesserungen f\u00fcr alle Arten von Formen, die Blechteile herstellen\" \/>\n<meta property=\"og:url\" content=\"https:\/\/www.dies.it\/de\/service-wartung-ersatzteile\/\" \/>\n<meta property=\"og:site_name\" content=\"DIES S.r.l. - Progettazione, Costruzione e Realizzazione di Stampi per Lavorazione a Freddo della Lamiera\" \/>\n<meta property=\"article:publisher\" content=\"https:\/\/www.facebook.com\/DiesSrl\" \/>\n<meta property=\"article:modified_time\" content=\"2025-07-09T13:32:50+00:00\" \/>\n<meta property=\"og:image\" content=\"https:\/\/www.dies.it\/wp-content\/uploads\/2025\/01\/stampi_progressivi_dies.jpg\" \/>\n<meta name=\"twitter:card\" content=\"summary_large_image\" \/>\n<meta name=\"twitter:label1\" content=\"Gesch\u00e4tzte Lesezeit\" \/>\n\t<meta name=\"twitter:data1\" content=\"1\u00a0Minute\" \/>\n<script type=\"application\/ld+json\" class=\"yoast-schema-graph\">{\"@context\":\"https:\\\/\\\/schema.org\",\"@graph\":[{\"@type\":\"WebPage\",\"@id\":\"https:\\\/\\\/www.dies.it\\\/de\\\/service-wartung-ersatzteile\\\/\",\"url\":\"https:\\\/\\\/www.dies.it\\\/de\\\/service-wartung-ersatzteile\\\/\",\"name\":\"DIES Service Wartung Ersatzteile f\u00fcr Blechformen\",\"isPartOf\":{\"@id\":\"https:\\\/\\\/www.dies.it\\\/de\\\/#website\"},\"primaryImageOfPage\":{\"@id\":\"https:\\\/\\\/www.dies.it\\\/de\\\/service-wartung-ersatzteile\\\/#primaryimage\"},\"image\":{\"@id\":\"https:\\\/\\\/www.dies.it\\\/de\\\/service-wartung-ersatzteile\\\/#primaryimage\"},\"thumbnailUrl\":\"https:\\\/\\\/www.dies.it\\\/wp-content\\\/uploads\\\/2025\\\/01\\\/stampi_progressivi_dies.jpg\",\"datePublished\":\"2025-01-09T12:00:56+00:00\",\"dateModified\":\"2025-07-09T13:32:50+00:00\",\"description\":\"Service, Wartung, Ersatzteile DIES bietet kontinuierliche Verbesserungen f\u00fcr alle Arten von Formen, die Blechteile herstellen\",\"breadcrumb\":{\"@id\":\"https:\\\/\\\/www.dies.it\\\/de\\\/service-wartung-ersatzteile\\\/#breadcrumb\"},\"inLanguage\":\"de\",\"potentialAction\":[{\"@type\":\"ReadAction\",\"target\":[\"https:\\\/\\\/www.dies.it\\\/de\\\/service-wartung-ersatzteile\\\/\"]}]},{\"@type\":\"ImageObject\",\"inLanguage\":\"de\",\"@id\":\"https:\\\/\\\/www.dies.it\\\/de\\\/service-wartung-ersatzteile\\\/#primaryimage\",\"url\":\"https:\\\/\\\/www.dies.it\\\/wp-content\\\/uploads\\\/2025\\\/01\\\/stampi_progressivi_dies.jpg\",\"contentUrl\":\"https:\\\/\\\/www.dies.it\\\/wp-content\\\/uploads\\\/2025\\\/01\\\/stampi_progressivi_dies.jpg\"},{\"@type\":\"BreadcrumbList\",\"@id\":\"https:\\\/\\\/www.dies.it\\\/de\\\/service-wartung-ersatzteile\\\/#breadcrumb\",\"itemListElement\":[{\"@type\":\"ListItem\",\"position\":1,\"name\":\"Home\",\"item\":\"https:\\\/\\\/www.dies.it\\\/de\\\/home-it\\\/\"},{\"@type\":\"ListItem\",\"position\":2,\"name\":\"Service, Wartung, Ersatzteile\"}]},{\"@type\":\"WebSite\",\"@id\":\"https:\\\/\\\/www.dies.it\\\/de\\\/#website\",\"url\":\"https:\\\/\\\/www.dies.it\\\/de\\\/\",\"name\":\"DIES S.r.l. - Progettazione, Costruzione e Realizzazione di Stampi per Lavorazioni a Freddo della Lamiera\",\"description\":\"\",\"publisher\":{\"@id\":\"https:\\\/\\\/www.dies.it\\\/de\\\/#organization\"},\"alternateName\":\"DIES Stampi\",\"potentialAction\":[{\"@type\":\"SearchAction\",\"target\":{\"@type\":\"EntryPoint\",\"urlTemplate\":\"https:\\\/\\\/www.dies.it\\\/de\\\/?s={search_term_string}\"},\"query-input\":{\"@type\":\"PropertyValueSpecification\",\"valueRequired\":true,\"valueName\":\"search_term_string\"}}],\"inLanguage\":\"de\"},{\"@type\":\"Organization\",\"@id\":\"https:\\\/\\\/www.dies.it\\\/de\\\/#organization\",\"name\":\"DIES S.r.l.\",\"alternateName\":\"DIES Stampi\",\"url\":\"https:\\\/\\\/www.dies.it\\\/de\\\/\",\"logo\":{\"@type\":\"ImageObject\",\"inLanguage\":\"de\",\"@id\":\"https:\\\/\\\/www.dies.it\\\/de\\\/#\\\/schema\\\/logo\\\/image\\\/\",\"url\":\"https:\\\/\\\/www.dies.it\\\/wp-content\\\/uploads\\\/2024\\\/07\\\/logo-dies-it.png\",\"contentUrl\":\"https:\\\/\\\/www.dies.it\\\/wp-content\\\/uploads\\\/2024\\\/07\\\/logo-dies-it.png\",\"width\":252,\"height\":48,\"caption\":\"DIES S.r.l.\"},\"image\":{\"@id\":\"https:\\\/\\\/www.dies.it\\\/de\\\/#\\\/schema\\\/logo\\\/image\\\/\"},\"sameAs\":[\"https:\\\/\\\/www.facebook.com\\\/DiesSrl\",\"https:\\\/\\\/www.linkedin.com\\\/company\\\/dies-srl\\\/\"]}]}<\/script>\n<!-- \/ Yoast SEO plugin. -->","yoast_head_json":{"title":"DIES Service Wartung Ersatzteile f\u00fcr Blechformen","description":"Service, Wartung, Ersatzteile DIES bietet kontinuierliche Verbesserungen f\u00fcr alle Arten von Formen, die Blechteile herstellen","robots":{"index":"index","follow":"follow","max-snippet":"max-snippet:-1","max-image-preview":"max-image-preview:large","max-video-preview":"max-video-preview:-1"},"canonical":"https:\/\/www.dies.it\/de\/service-wartung-ersatzteile\/","og_locale":"de_DE","og_type":"article","og_title":"DIES Service Wartung Ersatzteile f\u00fcr Blechformen","og_description":"Service, Wartung, Ersatzteile DIES bietet kontinuierliche Verbesserungen f\u00fcr alle Arten von Formen, die Blechteile herstellen","og_url":"https:\/\/www.dies.it\/de\/service-wartung-ersatzteile\/","og_site_name":"DIES S.r.l. - Progettazione, Costruzione e Realizzazione di Stampi per Lavorazione a Freddo della Lamiera","article_publisher":"https:\/\/www.facebook.com\/DiesSrl","article_modified_time":"2025-07-09T13:32:50+00:00","og_image":[{"url":"https:\/\/www.dies.it\/wp-content\/uploads\/2025\/01\/stampi_progressivi_dies.jpg","type":"","width":"","height":""}],"twitter_card":"summary_large_image","twitter_misc":{"Gesch\u00e4tzte Lesezeit":"1\u00a0Minute"},"schema":{"@context":"https:\/\/schema.org","@graph":[{"@type":"WebPage","@id":"https:\/\/www.dies.it\/de\/service-wartung-ersatzteile\/","url":"https:\/\/www.dies.it\/de\/service-wartung-ersatzteile\/","name":"DIES Service Wartung Ersatzteile f\u00fcr Blechformen","isPartOf":{"@id":"https:\/\/www.dies.it\/de\/#website"},"primaryImageOfPage":{"@id":"https:\/\/www.dies.it\/de\/service-wartung-ersatzteile\/#primaryimage"},"image":{"@id":"https:\/\/www.dies.it\/de\/service-wartung-ersatzteile\/#primaryimage"},"thumbnailUrl":"https:\/\/www.dies.it\/wp-content\/uploads\/2025\/01\/stampi_progressivi_dies.jpg","datePublished":"2025-01-09T12:00:56+00:00","dateModified":"2025-07-09T13:32:50+00:00","description":"Service, Wartung, Ersatzteile DIES bietet kontinuierliche Verbesserungen f\u00fcr alle Arten von Formen, die Blechteile herstellen","breadcrumb":{"@id":"https:\/\/www.dies.it\/de\/service-wartung-ersatzteile\/#breadcrumb"},"inLanguage":"de","potentialAction":[{"@type":"ReadAction","target":["https:\/\/www.dies.it\/de\/service-wartung-ersatzteile\/"]}]},{"@type":"ImageObject","inLanguage":"de","@id":"https:\/\/www.dies.it\/de\/service-wartung-ersatzteile\/#primaryimage","url":"https:\/\/www.dies.it\/wp-content\/uploads\/2025\/01\/stampi_progressivi_dies.jpg","contentUrl":"https:\/\/www.dies.it\/wp-content\/uploads\/2025\/01\/stampi_progressivi_dies.jpg"},{"@type":"BreadcrumbList","@id":"https:\/\/www.dies.it\/de\/service-wartung-ersatzteile\/#breadcrumb","itemListElement":[{"@type":"ListItem","position":1,"name":"Home","item":"https:\/\/www.dies.it\/de\/home-it\/"},{"@type":"ListItem","position":2,"name":"Service, Wartung, Ersatzteile"}]},{"@type":"WebSite","@id":"https:\/\/www.dies.it\/de\/#website","url":"https:\/\/www.dies.it\/de\/","name":"DIES S.r.l. - Progettazione, Costruzione e Realizzazione di Stampi per Lavorazioni a Freddo della Lamiera","description":"","publisher":{"@id":"https:\/\/www.dies.it\/de\/#organization"},"alternateName":"DIES Stampi","potentialAction":[{"@type":"SearchAction","target":{"@type":"EntryPoint","urlTemplate":"https:\/\/www.dies.it\/de\/?s={search_term_string}"},"query-input":{"@type":"PropertyValueSpecification","valueRequired":true,"valueName":"search_term_string"}}],"inLanguage":"de"},{"@type":"Organization","@id":"https:\/\/www.dies.it\/de\/#organization","name":"DIES S.r.l.","alternateName":"DIES Stampi","url":"https:\/\/www.dies.it\/de\/","logo":{"@type":"ImageObject","inLanguage":"de","@id":"https:\/\/www.dies.it\/de\/#\/schema\/logo\/image\/","url":"https:\/\/www.dies.it\/wp-content\/uploads\/2024\/07\/logo-dies-it.png","contentUrl":"https:\/\/www.dies.it\/wp-content\/uploads\/2024\/07\/logo-dies-it.png","width":252,"height":48,"caption":"DIES S.r.l."},"image":{"@id":"https:\/\/www.dies.it\/de\/#\/schema\/logo\/image\/"},"sameAs":["https:\/\/www.facebook.com\/DiesSrl","https:\/\/www.linkedin.com\/company\/dies-srl\/"]}]}},"_links":{"self":[{"href":"https:\/\/www.dies.it\/de\/wp-json\/wp\/v2\/pages\/6282","targetHints":{"allow":["GET"]}}],"collection":[{"href":"https:\/\/www.dies.it\/de\/wp-json\/wp\/v2\/pages"}],"about":[{"href":"https:\/\/www.dies.it\/de\/wp-json\/wp\/v2\/types\/page"}],"author":[{"embeddable":true,"href":"https:\/\/www.dies.it\/de\/wp-json\/wp\/v2\/users\/2"}],"replies":[{"embeddable":true,"href":"https:\/\/www.dies.it\/de\/wp-json\/wp\/v2\/comments?post=6282"}],"version-history":[{"count":5,"href":"https:\/\/www.dies.it\/de\/wp-json\/wp\/v2\/pages\/6282\/revisions"}],"predecessor-version":[{"id":7478,"href":"https:\/\/www.dies.it\/de\/wp-json\/wp\/v2\/pages\/6282\/revisions\/7478"}],"wp:attachment":[{"href":"https:\/\/www.dies.it\/de\/wp-json\/wp\/v2\/media?parent=6282"}],"curies":[{"name":"wp","href":"https:\/\/api.w.org\/{rel}","templated":true}]}}