{"id":6300,"date":"2024-11-28T11:08:42","date_gmt":"2024-11-28T10:08:42","guid":{"rendered":"https:\/\/www.dies.it\/formen-furvielfaltige-anwendungen\/"},"modified":"2025-03-24T10:18:05","modified_gmt":"2025-03-24T09:18:05","slug":"formen-furvielfaltige-anwendungen","status":"publish","type":"page","link":"https:\/\/www.dies.it\/de\/formen-furvielfaltige-anwendungen\/","title":{"rendered":"Formen f\u00fcr<br>VIELF\u00c4LTIGE ANWENDUNGEN"},"content":{"rendered":"\t\t<div data-elementor-type=\"wp-page\" data-elementor-id=\"6300\" class=\"elementor elementor-6300 elementor-3416\">\n\t\t\t\t<div class=\"elementor-element elementor-element-ddcd62e e-flex e-con-boxed e-con e-parent\" data-id=\"ddcd62e\" data-element_type=\"container\" data-e-type=\"container\">\n\t\t\t\t\t<div class=\"e-con-inner\">\n\t\t\t\t<div class=\"elementor-element elementor-element-7a977d3 elementor-widget elementor-widget-text-editor\" data-id=\"7a977d3\" data-element_type=\"widget\" data-e-type=\"widget\" data-widget_type=\"text-editor.default\">\n\t\t\t\t<div class=\"elementor-widget-container\">\n\t\t\t\t\t\t\t\t\t<ul class=\"list list-3\">\n<li>\n<div class=\"wrapper\">\n<p>Das st\u00e4ndige Streben nach besserer <strong>Qualit\u00e4t und die Liebe zum Detail<\/strong> sind die Hauptmerkmale, insbesondere im Bereich der \u00e4sthetischen Produkte aus <strong>Blech und Edelstahl<\/strong>, wo <strong>DIES<\/strong> seit Jahren seine Formen anbietet.<\/p>\n<p>Die von <strong>DIES<\/strong> hergestellten<strong> kleinen<\/strong>, <strong>mittleren<\/strong> und <strong>gro\u00dfen<\/strong> Transfer- und Folgeverbundformen mit hohem technologischen Gehalt sind auf<strong> dem in- und ausl\u00e4ndischen Markt<\/strong> f\u00fcr ihre hohe <strong>Pr\u00e4zision und Langlebigkeit bekannt und gesch\u00e4tzt.<\/strong><\/p>\n<\/div>\n<\/li>\n<\/ul>\n\t\t\t\t\t\t\t\t<\/div>\n\t\t\t\t<\/div>\n\t\t\t\t\t<\/div>\n\t\t\t\t<\/div>\n\t\t<div class=\"elementor-element elementor-element-08d5912 e-flex e-con-boxed e-con e-parent\" data-id=\"08d5912\" data-element_type=\"container\" data-e-type=\"container\">\n\t\t\t\t\t<div class=\"e-con-inner\">\n\t\t<div class=\"elementor-element elementor-element-68553f7 e-con-full e-flex e-con e-child\" data-id=\"68553f7\" data-element_type=\"container\" data-e-type=\"container\">\n\t\t\t\t<div class=\"elementor-element elementor-element-af99a63 elementor-widget elementor-widget-heading\" data-id=\"af99a63\" data-element_type=\"widget\" data-e-type=\"widget\" data-widget_type=\"heading.default\">\n\t\t\t\t<div class=\"elementor-widget-container\">\n\t\t\t\t\t<h6 class=\"elementor-heading-title elementor-size-default\">TIEFZIEHFORM<\/h6>\t\t\t\t<\/div>\n\t\t\t\t<\/div>\n\t\t\t\t<div class=\"elementor-element elementor-element-3887a4c elementor-widget elementor-widget-image\" data-id=\"3887a4c\" data-element_type=\"widget\" data-e-type=\"widget\" data-widget_type=\"image.default\">\n\t\t\t\t<div class=\"elementor-widget-container\">\n\t\t\t\t\t\t\t\t\t\t\t\t\t\t\t\t<a href=\"https:\/\/www.dies.it\/wp-content\/uploads\/2024\/11\/barriera-stradale-terminale_stampo.jpg\" data-elementor-open-lightbox=\"yes\" data-elementor-lightbox-title=\"barriera-stradale-terminale_stampo\" data-e-action-hash=\"#elementor-action%3Aaction%3Dlightbox%26settings%3DeyJpZCI6NTczNSwidXJsIjoiaHR0cHM6XC9cL3d3dy5kaWVzLml0XC93cC1jb250ZW50XC91cGxvYWRzXC8yMDI0XC8xMVwvYmFycmllcmEtc3RyYWRhbGUtdGVybWluYWxlX3N0YW1wby5qcGcifQ%3D%3D\">\n\t\t\t\t\t\t\t<img fetchpriority=\"high\" decoding=\"async\" width=\"525\" height=\"251\" src=\"https:\/\/www.dies.it\/wp-content\/uploads\/2024\/11\/barriera-stradale-terminale_stampo-1024x490.jpg\" class=\"attachment-large size-large wp-image-5735\" alt=\"\" srcset=\"https:\/\/www.dies.it\/wp-content\/uploads\/2024\/11\/barriera-stradale-terminale_stampo-1024x490.jpg 1024w, https:\/\/www.dies.it\/wp-content\/uploads\/2024\/11\/barriera-stradale-terminale_stampo-300x144.jpg 300w, https:\/\/www.dies.it\/wp-content\/uploads\/2024\/11\/barriera-stradale-terminale_stampo-768x368.jpg 768w, https:\/\/www.dies.it\/wp-content\/uploads\/2024\/11\/barriera-stradale-terminale_stampo-600x287.jpg 600w, https:\/\/www.dies.it\/wp-content\/uploads\/2024\/11\/barriera-stradale-terminale_stampo.jpg 1500w\" sizes=\"(max-width: 525px) 100vw, 525px\" \/>\t\t\t\t\t\t\t\t<\/a>\n\t\t\t\t\t\t\t\t\t\t\t\t\t\t\t<\/div>\n\t\t\t\t<\/div>\n\t\t\t\t<div class=\"elementor-element elementor-element-25af6b5 elementor-widget elementor-widget-text-editor\" data-id=\"25af6b5\" data-element_type=\"widget\" data-e-type=\"widget\" data-widget_type=\"text-editor.default\">\n\t\t\t\t<div class=\"elementor-widget-container\">\n\t\t\t\t\t\t\t\t\t<p>DREI-WELLEN-LEITPLANKE<\/p>\n\t\t\t\t\t\t\t\t<\/div>\n\t\t\t\t<\/div>\n\t\t\t\t<div class=\"elementor-element elementor-element-e528142 elementor-button-danger elementor-align-center elementor-widget elementor-widget-button\" data-id=\"e528142\" data-element_type=\"widget\" data-e-type=\"widget\" data-widget_type=\"button.default\">\n\t\t\t\t<div class=\"elementor-widget-container\">\n\t\t\t\t\t\t\t\t\t<div class=\"elementor-button-wrapper\">\n\t\t\t\t\t<a class=\"elementor-button elementor-button-link elementor-size-sm\" href=\"https:\/\/www.dies.it\/wp-content\/uploads\/2024\/11\/barriera-stradale-terminale_prodotto.jpg\">\n\t\t\t\t\t\t<span class=\"elementor-button-content-wrapper\">\n\t\t\t\t\t\t\t\t\t<span class=\"elementor-button-text\">&gt;&gt; Produkt ansehen<\/span>\n\t\t\t\t\t<\/span>\n\t\t\t\t\t<\/a>\n\t\t\t\t<\/div>\n\t\t\t\t\t\t\t\t<\/div>\n\t\t\t\t<\/div>\n\t\t\t\t<\/div>\n\t\t<div class=\"elementor-element elementor-element-00e0f8c e-con-full e-flex e-con e-child\" data-id=\"00e0f8c\" data-element_type=\"container\" data-e-type=\"container\">\n\t\t\t\t<div class=\"elementor-element elementor-element-d35dcf3 elementor-widget elementor-widget-heading\" data-id=\"d35dcf3\" data-element_type=\"widget\" data-e-type=\"widget\" data-widget_type=\"heading.default\">\n\t\t\t\t<div class=\"elementor-widget-container\">\n\t\t\t\t\t<h6 class=\"elementor-heading-title elementor-size-default\">STANZFORM<\/h6>\t\t\t\t<\/div>\n\t\t\t\t<\/div>\n\t\t\t\t<div class=\"elementor-element elementor-element-d29858a elementor-widget elementor-widget-image\" data-id=\"d29858a\" data-element_type=\"widget\" data-e-type=\"widget\" data-widget_type=\"image.default\">\n\t\t\t\t<div class=\"elementor-widget-container\">\n\t\t\t\t\t\t\t\t\t\t\t\t\t\t\t\t<a href=\"https:\/\/www.dies.it\/wp-content\/uploads\/2024\/11\/condizionatore-struttura-interna_stampo.jpg\" data-elementor-open-lightbox=\"yes\" data-elementor-lightbox-title=\"condizionatore-struttura-interna_stampo\" data-e-action-hash=\"#elementor-action%3Aaction%3Dlightbox%26settings%3DeyJpZCI6NTc0MSwidXJsIjoiaHR0cHM6XC9cL3d3dy5kaWVzLml0XC93cC1jb250ZW50XC91cGxvYWRzXC8yMDI0XC8xMVwvY29uZGl6aW9uYXRvcmUtc3RydXR0dXJhLWludGVybmFfc3RhbXBvLmpwZyJ9\">\n\t\t\t\t\t\t\t<img decoding=\"async\" width=\"525\" height=\"251\" src=\"https:\/\/www.dies.it\/wp-content\/uploads\/2024\/11\/condizionatore-struttura-interna_stampo-1024x490.jpg\" class=\"attachment-large size-large wp-image-5741\" alt=\"\" srcset=\"https:\/\/www.dies.it\/wp-content\/uploads\/2024\/11\/condizionatore-struttura-interna_stampo-1024x490.jpg 1024w, https:\/\/www.dies.it\/wp-content\/uploads\/2024\/11\/condizionatore-struttura-interna_stampo-300x144.jpg 300w, https:\/\/www.dies.it\/wp-content\/uploads\/2024\/11\/condizionatore-struttura-interna_stampo-768x368.jpg 768w, https:\/\/www.dies.it\/wp-content\/uploads\/2024\/11\/condizionatore-struttura-interna_stampo-600x287.jpg 600w, https:\/\/www.dies.it\/wp-content\/uploads\/2024\/11\/condizionatore-struttura-interna_stampo.jpg 1500w\" sizes=\"(max-width: 525px) 100vw, 525px\" \/>\t\t\t\t\t\t\t\t<\/a>\n\t\t\t\t\t\t\t\t\t\t\t\t\t\t\t<\/div>\n\t\t\t\t<\/div>\n\t\t\t\t<div class=\"elementor-element elementor-element-ed7e998 elementor-widget elementor-widget-text-editor\" data-id=\"ed7e998\" data-element_type=\"widget\" data-e-type=\"widget\" data-widget_type=\"text-editor.default\">\n\t\t\t\t<div class=\"elementor-widget-container\">\n\t\t\t\t\t\t\t\t\t<p>KLIMAANLAGEN-INNENSTRUKTUR<\/p>\n\t\t\t\t\t\t\t\t<\/div>\n\t\t\t\t<\/div>\n\t\t\t\t<div class=\"elementor-element elementor-element-f3c2fdc elementor-button-danger elementor-align-center elementor-widget elementor-widget-button\" data-id=\"f3c2fdc\" data-element_type=\"widget\" data-e-type=\"widget\" data-widget_type=\"button.default\">\n\t\t\t\t<div class=\"elementor-widget-container\">\n\t\t\t\t\t\t\t\t\t<div class=\"elementor-button-wrapper\">\n\t\t\t\t\t<a class=\"elementor-button elementor-button-link elementor-size-sm\" href=\"https:\/\/www.dies.it\/wp-content\/uploads\/2024\/11\/condizionatore-struttura-interna_prodotto.jpg\">\n\t\t\t\t\t\t<span class=\"elementor-button-content-wrapper\">\n\t\t\t\t\t\t\t\t\t<span class=\"elementor-button-text\">&gt;&gt; Produkt ansehen<\/span>\n\t\t\t\t\t<\/span>\n\t\t\t\t\t<\/a>\n\t\t\t\t<\/div>\n\t\t\t\t\t\t\t\t<\/div>\n\t\t\t\t<\/div>\n\t\t\t\t<\/div>\n\t\t<div class=\"elementor-element elementor-element-fbc5459 e-con-full e-flex e-con e-child\" data-id=\"fbc5459\" data-element_type=\"container\" data-e-type=\"container\">\n\t\t\t\t<div class=\"elementor-element elementor-element-4ce39be elementor-widget elementor-widget-heading\" data-id=\"4ce39be\" data-element_type=\"widget\" data-e-type=\"widget\" data-widget_type=\"heading.default\">\n\t\t\t\t<div class=\"elementor-widget-container\">\n\t\t\t\t\t<h6 class=\"elementor-heading-title elementor-size-default\">FOLGEVERBUNDFORM<\/h6>\t\t\t\t<\/div>\n\t\t\t\t<\/div>\n\t\t\t\t<div class=\"elementor-element elementor-element-8e614a7 elementor-widget elementor-widget-image\" data-id=\"8e614a7\" data-element_type=\"widget\" data-e-type=\"widget\" data-widget_type=\"image.default\">\n\t\t\t\t<div class=\"elementor-widget-container\">\n\t\t\t\t\t\t\t\t\t\t\t\t\t\t\t\t<a href=\"https:\/\/www.dies.it\/wp-content\/uploads\/2024\/11\/cappa-per-cucina-traversa-interna_stampo.jpg\" data-elementor-open-lightbox=\"yes\" data-elementor-lightbox-title=\"cappa-per-cucina-traversa-interna_stampo\" data-e-action-hash=\"#elementor-action%3Aaction%3Dlightbox%26settings%3DeyJpZCI6NTc0NywidXJsIjoiaHR0cHM6XC9cL3d3dy5kaWVzLml0XC93cC1jb250ZW50XC91cGxvYWRzXC8yMDI0XC8xMVwvY2FwcGEtcGVyLWN1Y2luYS10cmF2ZXJzYS1pbnRlcm5hX3N0YW1wby5qcGcifQ%3D%3D\">\n\t\t\t\t\t\t\t<img decoding=\"async\" width=\"525\" height=\"251\" src=\"https:\/\/www.dies.it\/wp-content\/uploads\/2024\/11\/cappa-per-cucina-traversa-interna_stampo-1024x490.jpg\" class=\"attachment-large size-large wp-image-5747\" alt=\"\" srcset=\"https:\/\/www.dies.it\/wp-content\/uploads\/2024\/11\/cappa-per-cucina-traversa-interna_stampo-1024x490.jpg 1024w, https:\/\/www.dies.it\/wp-content\/uploads\/2024\/11\/cappa-per-cucina-traversa-interna_stampo-300x144.jpg 300w, https:\/\/www.dies.it\/wp-content\/uploads\/2024\/11\/cappa-per-cucina-traversa-interna_stampo-768x368.jpg 768w, https:\/\/www.dies.it\/wp-content\/uploads\/2024\/11\/cappa-per-cucina-traversa-interna_stampo-600x287.jpg 600w, https:\/\/www.dies.it\/wp-content\/uploads\/2024\/11\/cappa-per-cucina-traversa-interna_stampo.jpg 1500w\" sizes=\"(max-width: 525px) 100vw, 525px\" \/>\t\t\t\t\t\t\t\t<\/a>\n\t\t\t\t\t\t\t\t\t\t\t\t\t\t\t<\/div>\n\t\t\t\t<\/div>\n\t\t\t\t<div class=\"elementor-element elementor-element-4085010 elementor-widget elementor-widget-text-editor\" data-id=\"4085010\" data-element_type=\"widget\" data-e-type=\"widget\" data-widget_type=\"text-editor.default\">\n\t\t\t\t<div class=\"elementor-widget-container\">\n\t\t\t\t\t\t\t\t\t<p>DUNSTABZUGSHAUBE QUERTR\u00c4GER INNEN<\/p>\n\t\t\t\t\t\t\t\t<\/div>\n\t\t\t\t<\/div>\n\t\t\t\t<div class=\"elementor-element elementor-element-7b24376 elementor-button-danger elementor-align-center elementor-widget elementor-widget-button\" data-id=\"7b24376\" data-element_type=\"widget\" data-e-type=\"widget\" data-widget_type=\"button.default\">\n\t\t\t\t<div class=\"elementor-widget-container\">\n\t\t\t\t\t\t\t\t\t<div class=\"elementor-button-wrapper\">\n\t\t\t\t\t<a class=\"elementor-button elementor-button-link elementor-size-sm\" href=\"https:\/\/www.dies.it\/wp-content\/uploads\/2024\/11\/cappa-per-cucina-traversa-interna_prodotti.jpg\">\n\t\t\t\t\t\t<span class=\"elementor-button-content-wrapper\">\n\t\t\t\t\t\t\t\t\t<span class=\"elementor-button-text\">&gt;&gt; Produkt ansehen<\/span>\n\t\t\t\t\t<\/span>\n\t\t\t\t\t<\/a>\n\t\t\t\t<\/div>\n\t\t\t\t\t\t\t\t<\/div>\n\t\t\t\t<\/div>\n\t\t\t\t<\/div>\n\t\t\t\t\t<\/div>\n\t\t\t\t<\/div>\n\t\t\t\t<\/div>\n\t\t","protected":false},"excerpt":{"rendered":"<p>Das st\u00e4ndige Streben nach besserer Qualit\u00e4t und die Liebe zum Detail sind die Hauptmerkmale, insbesondere im Bereich der \u00e4sthetischen Produkte aus Blech und Edelstahl, wo DIES seit Jahren seine Formen anbietet. Die von DIES hergestellten kleinen, mittleren und gro\u00dfen Transfer- und Folgeverbundformen mit hohem technologischen Gehalt sind auf dem in- und ausl\u00e4ndischen Markt f\u00fcr ihre [&hellip;]<\/p>\n","protected":false},"author":3,"featured_media":0,"parent":0,"menu_order":0,"comment_status":"closed","ping_status":"closed","template":"","meta":{"footnotes":""},"class_list":["post-6300","page","type-page","status-publish","hentry"],"yoast_head":"<!-- This site is optimized with the Yoast SEO plugin v27.5 - https:\/\/yoast.com\/product\/yoast-seo-wordpress\/ -->\n<title>Formen f\u00fcrVIELF\u00c4LTIGE ANWENDUNGEN - DIES S.r.l. - Progettazione, Costruzione e Realizzazione di Stampi per Lavorazione a Freddo della Lamiera<\/title>\n<meta name=\"description\" content=\"Formen f\u00fcr vielf\u00e4ltige DIES-Anwendungen: tiefziehform f\u00fcr Stra\u00dfenschranken, Stanzform f\u00fcr Klimaanlagen, Form f\u00fcr progressive K\u00fcchenhauben\" \/>\n<meta name=\"robots\" content=\"index, follow, max-snippet:-1, max-image-preview:large, max-video-preview:-1\" \/>\n<link rel=\"canonical\" href=\"https:\/\/www.dies.it\/de\/formen-furvielfaltige-anwendungen\/\" \/>\n<meta property=\"og:locale\" content=\"de_DE\" \/>\n<meta property=\"og:type\" content=\"article\" \/>\n<meta property=\"og:title\" content=\"Formen f\u00fcrVIELF\u00c4LTIGE ANWENDUNGEN - DIES S.r.l. - Progettazione, Costruzione e Realizzazione di Stampi per Lavorazione a Freddo della Lamiera\" \/>\n<meta property=\"og:description\" content=\"Formen f\u00fcr vielf\u00e4ltige DIES-Anwendungen: tiefziehform f\u00fcr Stra\u00dfenschranken, Stanzform f\u00fcr Klimaanlagen, Form f\u00fcr progressive K\u00fcchenhauben\" \/>\n<meta property=\"og:url\" content=\"https:\/\/www.dies.it\/de\/formen-furvielfaltige-anwendungen\/\" \/>\n<meta property=\"og:site_name\" content=\"DIES S.r.l. - Progettazione, Costruzione e Realizzazione di Stampi per Lavorazione a Freddo della Lamiera\" \/>\n<meta property=\"article:publisher\" content=\"https:\/\/www.facebook.com\/DiesSrl\" \/>\n<meta property=\"article:modified_time\" content=\"2025-03-24T09:18:05+00:00\" \/>\n<meta property=\"og:image\" content=\"https:\/\/www.dies.it\/wp-content\/uploads\/2024\/11\/barriera-stradale-terminale_stampo-1024x490.jpg\" \/>\n<meta name=\"twitter:card\" content=\"summary_large_image\" \/>\n<meta name=\"twitter:label1\" content=\"Gesch\u00e4tzte Lesezeit\" \/>\n\t<meta name=\"twitter:data1\" content=\"2\u00a0Minuten\" \/>\n<script type=\"application\/ld+json\" class=\"yoast-schema-graph\">{\"@context\":\"https:\\\/\\\/schema.org\",\"@graph\":[{\"@type\":\"WebPage\",\"@id\":\"https:\\\/\\\/www.dies.it\\\/de\\\/formen-furvielfaltige-anwendungen\\\/\",\"url\":\"https:\\\/\\\/www.dies.it\\\/de\\\/formen-furvielfaltige-anwendungen\\\/\",\"name\":\"Formen f\u00fcr VIELF\u00c4LTIGE ANWENDUNGEN - DIES S.r.l. - Progettazione, Costruzione e Realizzazione di Stampi per Lavorazione a Freddo della Lamiera\",\"isPartOf\":{\"@id\":\"https:\\\/\\\/www.dies.it\\\/de\\\/#website\"},\"primaryImageOfPage\":{\"@id\":\"https:\\\/\\\/www.dies.it\\\/de\\\/formen-furvielfaltige-anwendungen\\\/#primaryimage\"},\"image\":{\"@id\":\"https:\\\/\\\/www.dies.it\\\/de\\\/formen-furvielfaltige-anwendungen\\\/#primaryimage\"},\"thumbnailUrl\":\"https:\\\/\\\/www.dies.it\\\/wp-content\\\/uploads\\\/2024\\\/11\\\/barriera-stradale-terminale_stampo-1024x490.jpg\",\"datePublished\":\"2024-11-28T10:08:42+00:00\",\"dateModified\":\"2025-03-24T09:18:05+00:00\",\"description\":\"Formen f\u00fcr vielf\u00e4ltige DIES-Anwendungen: tiefziehform f\u00fcr Stra\u00dfenschranken, Stanzform f\u00fcr Klimaanlagen, Form f\u00fcr progressive K\u00fcchenhauben\",\"breadcrumb\":{\"@id\":\"https:\\\/\\\/www.dies.it\\\/de\\\/formen-furvielfaltige-anwendungen\\\/#breadcrumb\"},\"inLanguage\":\"de\",\"potentialAction\":[{\"@type\":\"ReadAction\",\"target\":[\"https:\\\/\\\/www.dies.it\\\/de\\\/formen-furvielfaltige-anwendungen\\\/\"]}]},{\"@type\":\"ImageObject\",\"inLanguage\":\"de\",\"@id\":\"https:\\\/\\\/www.dies.it\\\/de\\\/formen-furvielfaltige-anwendungen\\\/#primaryimage\",\"url\":\"https:\\\/\\\/www.dies.it\\\/wp-content\\\/uploads\\\/2024\\\/11\\\/barriera-stradale-terminale_stampo-1024x490.jpg\",\"contentUrl\":\"https:\\\/\\\/www.dies.it\\\/wp-content\\\/uploads\\\/2024\\\/11\\\/barriera-stradale-terminale_stampo-1024x490.jpg\"},{\"@type\":\"BreadcrumbList\",\"@id\":\"https:\\\/\\\/www.dies.it\\\/de\\\/formen-furvielfaltige-anwendungen\\\/#breadcrumb\",\"itemListElement\":[{\"@type\":\"ListItem\",\"position\":1,\"name\":\"Home\",\"item\":\"https:\\\/\\\/www.dies.it\\\/de\\\/home-it\\\/\"},{\"@type\":\"ListItem\",\"position\":2,\"name\":\"Formen f\u00fcrVIELF\u00c4LTIGE ANWENDUNGEN\"}]},{\"@type\":\"WebSite\",\"@id\":\"https:\\\/\\\/www.dies.it\\\/de\\\/#website\",\"url\":\"https:\\\/\\\/www.dies.it\\\/de\\\/\",\"name\":\"DIES S.r.l. - Progettazione, Costruzione e Realizzazione di Stampi per Lavorazioni a Freddo della Lamiera\",\"description\":\"\",\"publisher\":{\"@id\":\"https:\\\/\\\/www.dies.it\\\/de\\\/#organization\"},\"alternateName\":\"DIES Stampi\",\"potentialAction\":[{\"@type\":\"SearchAction\",\"target\":{\"@type\":\"EntryPoint\",\"urlTemplate\":\"https:\\\/\\\/www.dies.it\\\/de\\\/?s={search_term_string}\"},\"query-input\":{\"@type\":\"PropertyValueSpecification\",\"valueRequired\":true,\"valueName\":\"search_term_string\"}}],\"inLanguage\":\"de\"},{\"@type\":\"Organization\",\"@id\":\"https:\\\/\\\/www.dies.it\\\/de\\\/#organization\",\"name\":\"DIES S.r.l.\",\"alternateName\":\"DIES Stampi\",\"url\":\"https:\\\/\\\/www.dies.it\\\/de\\\/\",\"logo\":{\"@type\":\"ImageObject\",\"inLanguage\":\"de\",\"@id\":\"https:\\\/\\\/www.dies.it\\\/de\\\/#\\\/schema\\\/logo\\\/image\\\/\",\"url\":\"https:\\\/\\\/www.dies.it\\\/wp-content\\\/uploads\\\/2024\\\/07\\\/logo-dies-it.png\",\"contentUrl\":\"https:\\\/\\\/www.dies.it\\\/wp-content\\\/uploads\\\/2024\\\/07\\\/logo-dies-it.png\",\"width\":252,\"height\":48,\"caption\":\"DIES S.r.l.\"},\"image\":{\"@id\":\"https:\\\/\\\/www.dies.it\\\/de\\\/#\\\/schema\\\/logo\\\/image\\\/\"},\"sameAs\":[\"https:\\\/\\\/www.facebook.com\\\/DiesSrl\",\"https:\\\/\\\/www.linkedin.com\\\/company\\\/dies-srl\\\/\"]}]}<\/script>\n<!-- \/ Yoast SEO plugin. -->","yoast_head_json":{"title":"Formen f\u00fcrVIELF\u00c4LTIGE ANWENDUNGEN - DIES S.r.l. - Progettazione, Costruzione e Realizzazione di Stampi per Lavorazione a Freddo della Lamiera","description":"Formen f\u00fcr vielf\u00e4ltige DIES-Anwendungen: tiefziehform f\u00fcr Stra\u00dfenschranken, Stanzform f\u00fcr Klimaanlagen, Form f\u00fcr progressive K\u00fcchenhauben","robots":{"index":"index","follow":"follow","max-snippet":"max-snippet:-1","max-image-preview":"max-image-preview:large","max-video-preview":"max-video-preview:-1"},"canonical":"https:\/\/www.dies.it\/de\/formen-furvielfaltige-anwendungen\/","og_locale":"de_DE","og_type":"article","og_title":"Formen f\u00fcrVIELF\u00c4LTIGE ANWENDUNGEN - DIES S.r.l. - Progettazione, Costruzione e Realizzazione di Stampi per Lavorazione a Freddo della Lamiera","og_description":"Formen f\u00fcr vielf\u00e4ltige DIES-Anwendungen: tiefziehform f\u00fcr Stra\u00dfenschranken, Stanzform f\u00fcr Klimaanlagen, Form f\u00fcr progressive K\u00fcchenhauben","og_url":"https:\/\/www.dies.it\/de\/formen-furvielfaltige-anwendungen\/","og_site_name":"DIES S.r.l. - Progettazione, Costruzione e Realizzazione di Stampi per Lavorazione a Freddo della Lamiera","article_publisher":"https:\/\/www.facebook.com\/DiesSrl","article_modified_time":"2025-03-24T09:18:05+00:00","og_image":[{"url":"https:\/\/www.dies.it\/wp-content\/uploads\/2024\/11\/barriera-stradale-terminale_stampo-1024x490.jpg","type":"","width":"","height":""}],"twitter_card":"summary_large_image","twitter_misc":{"Gesch\u00e4tzte Lesezeit":"2\u00a0Minuten"},"schema":{"@context":"https:\/\/schema.org","@graph":[{"@type":"WebPage","@id":"https:\/\/www.dies.it\/de\/formen-furvielfaltige-anwendungen\/","url":"https:\/\/www.dies.it\/de\/formen-furvielfaltige-anwendungen\/","name":"Formen f\u00fcr VIELF\u00c4LTIGE ANWENDUNGEN - DIES S.r.l. - Progettazione, Costruzione e Realizzazione di Stampi per Lavorazione a Freddo della Lamiera","isPartOf":{"@id":"https:\/\/www.dies.it\/de\/#website"},"primaryImageOfPage":{"@id":"https:\/\/www.dies.it\/de\/formen-furvielfaltige-anwendungen\/#primaryimage"},"image":{"@id":"https:\/\/www.dies.it\/de\/formen-furvielfaltige-anwendungen\/#primaryimage"},"thumbnailUrl":"https:\/\/www.dies.it\/wp-content\/uploads\/2024\/11\/barriera-stradale-terminale_stampo-1024x490.jpg","datePublished":"2024-11-28T10:08:42+00:00","dateModified":"2025-03-24T09:18:05+00:00","description":"Formen f\u00fcr vielf\u00e4ltige DIES-Anwendungen: tiefziehform f\u00fcr Stra\u00dfenschranken, Stanzform f\u00fcr Klimaanlagen, Form f\u00fcr progressive K\u00fcchenhauben","breadcrumb":{"@id":"https:\/\/www.dies.it\/de\/formen-furvielfaltige-anwendungen\/#breadcrumb"},"inLanguage":"de","potentialAction":[{"@type":"ReadAction","target":["https:\/\/www.dies.it\/de\/formen-furvielfaltige-anwendungen\/"]}]},{"@type":"ImageObject","inLanguage":"de","@id":"https:\/\/www.dies.it\/de\/formen-furvielfaltige-anwendungen\/#primaryimage","url":"https:\/\/www.dies.it\/wp-content\/uploads\/2024\/11\/barriera-stradale-terminale_stampo-1024x490.jpg","contentUrl":"https:\/\/www.dies.it\/wp-content\/uploads\/2024\/11\/barriera-stradale-terminale_stampo-1024x490.jpg"},{"@type":"BreadcrumbList","@id":"https:\/\/www.dies.it\/de\/formen-furvielfaltige-anwendungen\/#breadcrumb","itemListElement":[{"@type":"ListItem","position":1,"name":"Home","item":"https:\/\/www.dies.it\/de\/home-it\/"},{"@type":"ListItem","position":2,"name":"Formen f\u00fcrVIELF\u00c4LTIGE ANWENDUNGEN"}]},{"@type":"WebSite","@id":"https:\/\/www.dies.it\/de\/#website","url":"https:\/\/www.dies.it\/de\/","name":"DIES S.r.l. - Progettazione, Costruzione e Realizzazione di Stampi per Lavorazioni a Freddo della Lamiera","description":"","publisher":{"@id":"https:\/\/www.dies.it\/de\/#organization"},"alternateName":"DIES Stampi","potentialAction":[{"@type":"SearchAction","target":{"@type":"EntryPoint","urlTemplate":"https:\/\/www.dies.it\/de\/?s={search_term_string}"},"query-input":{"@type":"PropertyValueSpecification","valueRequired":true,"valueName":"search_term_string"}}],"inLanguage":"de"},{"@type":"Organization","@id":"https:\/\/www.dies.it\/de\/#organization","name":"DIES S.r.l.","alternateName":"DIES Stampi","url":"https:\/\/www.dies.it\/de\/","logo":{"@type":"ImageObject","inLanguage":"de","@id":"https:\/\/www.dies.it\/de\/#\/schema\/logo\/image\/","url":"https:\/\/www.dies.it\/wp-content\/uploads\/2024\/07\/logo-dies-it.png","contentUrl":"https:\/\/www.dies.it\/wp-content\/uploads\/2024\/07\/logo-dies-it.png","width":252,"height":48,"caption":"DIES S.r.l."},"image":{"@id":"https:\/\/www.dies.it\/de\/#\/schema\/logo\/image\/"},"sameAs":["https:\/\/www.facebook.com\/DiesSrl","https:\/\/www.linkedin.com\/company\/dies-srl\/"]}]}},"_links":{"self":[{"href":"https:\/\/www.dies.it\/de\/wp-json\/wp\/v2\/pages\/6300","targetHints":{"allow":["GET"]}}],"collection":[{"href":"https:\/\/www.dies.it\/de\/wp-json\/wp\/v2\/pages"}],"about":[{"href":"https:\/\/www.dies.it\/de\/wp-json\/wp\/v2\/types\/page"}],"author":[{"embeddable":true,"href":"https:\/\/www.dies.it\/de\/wp-json\/wp\/v2\/users\/3"}],"replies":[{"embeddable":true,"href":"https:\/\/www.dies.it\/de\/wp-json\/wp\/v2\/comments?post=6300"}],"version-history":[{"count":5,"href":"https:\/\/www.dies.it\/de\/wp-json\/wp\/v2\/pages\/6300\/revisions"}],"predecessor-version":[{"id":6319,"href":"https:\/\/www.dies.it\/de\/wp-json\/wp\/v2\/pages\/6300\/revisions\/6319"}],"wp:attachment":[{"href":"https:\/\/www.dies.it\/de\/wp-json\/wp\/v2\/media?parent=6300"}],"curies":[{"name":"wp","href":"https:\/\/api.w.org\/{rel}","templated":true}]}}