{"id":6327,"date":"2025-01-09T11:15:43","date_gmt":"2025-01-09T10:15:43","guid":{"rendered":"https:\/\/www.dies.it\/masskontrolle\/"},"modified":"2025-03-24T10:40:06","modified_gmt":"2025-03-24T09:40:06","slug":"masskontrolle","status":"publish","type":"page","link":"https:\/\/www.dies.it\/de\/masskontrolle\/","title":{"rendered":"Ma\u00dfkontrolle"},"content":{"rendered":"\t\t<div data-elementor-type=\"wp-page\" data-elementor-id=\"6327\" class=\"elementor elementor-6327 elementor-4188\">\n\t\t\t\t<div class=\"elementor-element elementor-element-5cc8c30 e-flex e-con-boxed e-con e-parent\" data-id=\"5cc8c30\" data-element_type=\"container\" data-e-type=\"container\">\n\t\t\t\t\t<div class=\"e-con-inner\">\n\t\t<div class=\"elementor-element elementor-element-522b254 e-con-full e-flex e-con e-child\" data-id=\"522b254\" data-element_type=\"container\" data-e-type=\"container\">\n\t\t\t\t<div class=\"elementor-element elementor-element-568dff9 elementor-widget elementor-widget-text-editor\" data-id=\"568dff9\" data-element_type=\"widget\" data-e-type=\"widget\" data-widget_type=\"text-editor.default\">\n\t\t\t\t<div class=\"elementor-widget-container\">\n\t\t\t\t\t\t\t\t\t<p>Die <strong>Abteilung Metrologie<\/strong> spielt eine sehr wichtige Rolle.<\/p>\n<p>Wir messen und \u00fcberpr\u00fcfen das hergestellte Teil mit Fotos und Messberichten, die zum Nachweis der geleisteten Arbeit erstellt werden.<\/p>\n<p>Die Kontrolle, die \u00dcberpr\u00fcfung der \u00c4sthetik und die Toleranzmessungen schlie\u00dfen den Bauprozess ab.<\/p>\n<p>Wir wollen, dass der Kunde mit dem Produkt zufrieden ist.<\/p>\n\t\t\t\t\t\t\t\t<\/div>\n\t\t\t\t<\/div>\n\t\t\t\t<div class=\"elementor-element elementor-element-a8bf328 elementor-widget elementor-widget-image\" data-id=\"a8bf328\" data-element_type=\"widget\" data-e-type=\"widget\" data-widget_type=\"image.default\">\n\t\t\t\t<div class=\"elementor-widget-container\">\n\t\t\t\t\t\t\t\t\t\t\t\t\t\t\t<img fetchpriority=\"high\" decoding=\"async\" width=\"525\" height=\"452\" src=\"https:\/\/www.dies.it\/wp-content\/uploads\/2025\/01\/controllo_dimensionale_3_dies.jpg\" class=\"attachment-large size-large wp-image-5936\" alt=\"\" srcset=\"https:\/\/www.dies.it\/wp-content\/uploads\/2025\/01\/controllo_dimensionale_3_dies.jpg 673w, https:\/\/www.dies.it\/wp-content\/uploads\/2025\/01\/controllo_dimensionale_3_dies-300x258.jpg 300w, https:\/\/www.dies.it\/wp-content\/uploads\/2025\/01\/controllo_dimensionale_3_dies-600x516.jpg 600w\" sizes=\"(max-width: 525px) 100vw, 525px\" \/>\t\t\t\t\t\t\t\t\t\t\t\t\t\t\t<\/div>\n\t\t\t\t<\/div>\n\t\t\t\t<\/div>\n\t\t<div class=\"elementor-element elementor-element-fce1bde e-con-full e-flex e-con e-child\" data-id=\"fce1bde\" data-element_type=\"container\" data-e-type=\"container\">\n\t\t<div class=\"elementor-element elementor-element-2f62de2 e-con-full e-flex e-con e-child\" data-id=\"2f62de2\" data-element_type=\"container\" data-e-type=\"container\">\n\t\t\t\t<div class=\"elementor-element elementor-element-c409bdf elementor-widget elementor-widget-image\" data-id=\"c409bdf\" data-element_type=\"widget\" data-e-type=\"widget\" data-widget_type=\"image.default\">\n\t\t\t\t<div class=\"elementor-widget-container\">\n\t\t\t\t\t\t\t\t\t\t\t\t\t\t\t<img decoding=\"async\" width=\"525\" height=\"330\" src=\"https:\/\/www.dies.it\/wp-content\/uploads\/2025\/01\/controllo_dimensionale_1_dies.jpg\" class=\"attachment-large size-large wp-image-5942\" alt=\"\" srcset=\"https:\/\/www.dies.it\/wp-content\/uploads\/2025\/01\/controllo_dimensionale_1_dies.jpg 644w, https:\/\/www.dies.it\/wp-content\/uploads\/2025\/01\/controllo_dimensionale_1_dies-300x189.jpg 300w, https:\/\/www.dies.it\/wp-content\/uploads\/2025\/01\/controllo_dimensionale_1_dies-600x377.jpg 600w\" sizes=\"(max-width: 525px) 100vw, 525px\" \/>\t\t\t\t\t\t\t\t\t\t\t\t\t\t\t<\/div>\n\t\t\t\t<\/div>\n\t\t\t\t<div class=\"elementor-element elementor-element-688f807 elementor-widget elementor-widget-image\" data-id=\"688f807\" data-element_type=\"widget\" data-e-type=\"widget\" data-widget_type=\"image.default\">\n\t\t\t\t<div class=\"elementor-widget-container\">\n\t\t\t\t\t\t\t\t\t\t\t\t\t\t\t<img decoding=\"async\" width=\"525\" height=\"390\" src=\"https:\/\/www.dies.it\/wp-content\/uploads\/2025\/01\/controllo_dimensionale_2_dies.jpg\" class=\"attachment-large size-large wp-image-5945\" alt=\"\" srcset=\"https:\/\/www.dies.it\/wp-content\/uploads\/2025\/01\/controllo_dimensionale_2_dies.jpg 624w, https:\/\/www.dies.it\/wp-content\/uploads\/2025\/01\/controllo_dimensionale_2_dies-300x223.jpg 300w, https:\/\/www.dies.it\/wp-content\/uploads\/2025\/01\/controllo_dimensionale_2_dies-600x446.jpg 600w\" sizes=\"(max-width: 525px) 100vw, 525px\" \/>\t\t\t\t\t\t\t\t\t\t\t\t\t\t\t<\/div>\n\t\t\t\t<\/div>\n\t\t\t\t<\/div>\n\t\t\t\t<\/div>\n\t\t\t\t\t<\/div>\n\t\t\t\t<\/div>\n\t\t\t\t<\/div>\n\t\t","protected":false},"excerpt":{"rendered":"<p>Die Abteilung Metrologie spielt eine sehr wichtige Rolle. Wir messen und \u00fcberpr\u00fcfen das hergestellte Teil mit Fotos und Messberichten, die zum Nachweis der geleisteten Arbeit erstellt werden. Die Kontrolle, die \u00dcberpr\u00fcfung der \u00c4sthetik und die Toleranzmessungen schlie\u00dfen den Bauprozess ab. Wir wollen, dass der Kunde mit dem Produkt zufrieden ist.<\/p>\n","protected":false},"author":2,"featured_media":0,"parent":0,"menu_order":0,"comment_status":"closed","ping_status":"closed","template":"","meta":{"footnotes":""},"class_list":["post-6327","page","type-page","status-publish","hentry"],"yoast_head":"<!-- This site is optimized with the Yoast SEO plugin v27.5 - https:\/\/yoast.com\/product\/yoast-seo-wordpress\/ -->\n<title>Ma\u00dfkontrolle DIES S.r.l. - Progettazione, Costruzione e Realizzazione di Stampi per Lavorazione a Freddo della Lamiera<\/title>\n<meta name=\"description\" content=\"Ma\u00dfkontrolle DIES. Dank unseres gut ausgestatteten Messlabors k\u00f6nnen wir die hergestellten Teile messen und \u00fcberpr\u00fcfen.\" \/>\n<meta name=\"robots\" content=\"index, follow, max-snippet:-1, max-image-preview:large, max-video-preview:-1\" \/>\n<link rel=\"canonical\" href=\"https:\/\/www.dies.it\/de\/masskontrolle\/\" \/>\n<meta property=\"og:locale\" content=\"de_DE\" \/>\n<meta property=\"og:type\" content=\"article\" \/>\n<meta property=\"og:title\" content=\"Ma\u00dfkontrolle DIES S.r.l. - Progettazione, Costruzione e Realizzazione di Stampi per Lavorazione a Freddo della Lamiera\" \/>\n<meta property=\"og:description\" content=\"Ma\u00dfkontrolle DIES. Dank unseres gut ausgestatteten Messlabors k\u00f6nnen wir die hergestellten Teile messen und \u00fcberpr\u00fcfen.\" \/>\n<meta property=\"og:url\" content=\"https:\/\/www.dies.it\/de\/masskontrolle\/\" \/>\n<meta property=\"og:site_name\" content=\"DIES S.r.l. - Progettazione, Costruzione e Realizzazione di Stampi per Lavorazione a Freddo della Lamiera\" \/>\n<meta property=\"article:publisher\" content=\"https:\/\/www.facebook.com\/DiesSrl\" \/>\n<meta property=\"article:modified_time\" content=\"2025-03-24T09:40:06+00:00\" \/>\n<meta property=\"og:image\" content=\"https:\/\/www.dies.it\/wp-content\/uploads\/2025\/01\/controllo_dimensionale_3_dies.jpg\" \/>\n<meta name=\"twitter:card\" content=\"summary_large_image\" \/>\n<meta name=\"twitter:label1\" content=\"Gesch\u00e4tzte Lesezeit\" \/>\n\t<meta name=\"twitter:data1\" content=\"1\u00a0Minute\" \/>\n<script type=\"application\/ld+json\" class=\"yoast-schema-graph\">{\"@context\":\"https:\\\/\\\/schema.org\",\"@graph\":[{\"@type\":\"WebPage\",\"@id\":\"https:\\\/\\\/www.dies.it\\\/de\\\/masskontrolle\\\/\",\"url\":\"https:\\\/\\\/www.dies.it\\\/de\\\/masskontrolle\\\/\",\"name\":\"Ma\u00dfkontrolle DIES S.r.l. - Progettazione, Costruzione e Realizzazione di Stampi per Lavorazione a Freddo della Lamiera\",\"isPartOf\":{\"@id\":\"https:\\\/\\\/www.dies.it\\\/de\\\/#website\"},\"primaryImageOfPage\":{\"@id\":\"https:\\\/\\\/www.dies.it\\\/de\\\/masskontrolle\\\/#primaryimage\"},\"image\":{\"@id\":\"https:\\\/\\\/www.dies.it\\\/de\\\/masskontrolle\\\/#primaryimage\"},\"thumbnailUrl\":\"https:\\\/\\\/www.dies.it\\\/wp-content\\\/uploads\\\/2025\\\/01\\\/controllo_dimensionale_3_dies.jpg\",\"datePublished\":\"2025-01-09T10:15:43+00:00\",\"dateModified\":\"2025-03-24T09:40:06+00:00\",\"description\":\"Ma\u00dfkontrolle DIES. Dank unseres gut ausgestatteten Messlabors k\u00f6nnen wir die hergestellten Teile messen und \u00fcberpr\u00fcfen.\",\"breadcrumb\":{\"@id\":\"https:\\\/\\\/www.dies.it\\\/de\\\/masskontrolle\\\/#breadcrumb\"},\"inLanguage\":\"de\",\"potentialAction\":[{\"@type\":\"ReadAction\",\"target\":[\"https:\\\/\\\/www.dies.it\\\/de\\\/masskontrolle\\\/\"]}]},{\"@type\":\"ImageObject\",\"inLanguage\":\"de\",\"@id\":\"https:\\\/\\\/www.dies.it\\\/de\\\/masskontrolle\\\/#primaryimage\",\"url\":\"https:\\\/\\\/www.dies.it\\\/wp-content\\\/uploads\\\/2025\\\/01\\\/controllo_dimensionale_3_dies.jpg\",\"contentUrl\":\"https:\\\/\\\/www.dies.it\\\/wp-content\\\/uploads\\\/2025\\\/01\\\/controllo_dimensionale_3_dies.jpg\"},{\"@type\":\"BreadcrumbList\",\"@id\":\"https:\\\/\\\/www.dies.it\\\/de\\\/masskontrolle\\\/#breadcrumb\",\"itemListElement\":[{\"@type\":\"ListItem\",\"position\":1,\"name\":\"Home\",\"item\":\"https:\\\/\\\/www.dies.it\\\/de\\\/home-it\\\/\"},{\"@type\":\"ListItem\",\"position\":2,\"name\":\"Ma\u00dfkontrolle\"}]},{\"@type\":\"WebSite\",\"@id\":\"https:\\\/\\\/www.dies.it\\\/de\\\/#website\",\"url\":\"https:\\\/\\\/www.dies.it\\\/de\\\/\",\"name\":\"DIES S.r.l. - Progettazione, Costruzione e Realizzazione di Stampi per Lavorazioni a Freddo della Lamiera\",\"description\":\"\",\"publisher\":{\"@id\":\"https:\\\/\\\/www.dies.it\\\/de\\\/#organization\"},\"alternateName\":\"DIES Stampi\",\"potentialAction\":[{\"@type\":\"SearchAction\",\"target\":{\"@type\":\"EntryPoint\",\"urlTemplate\":\"https:\\\/\\\/www.dies.it\\\/de\\\/?s={search_term_string}\"},\"query-input\":{\"@type\":\"PropertyValueSpecification\",\"valueRequired\":true,\"valueName\":\"search_term_string\"}}],\"inLanguage\":\"de\"},{\"@type\":\"Organization\",\"@id\":\"https:\\\/\\\/www.dies.it\\\/de\\\/#organization\",\"name\":\"DIES S.r.l.\",\"alternateName\":\"DIES Stampi\",\"url\":\"https:\\\/\\\/www.dies.it\\\/de\\\/\",\"logo\":{\"@type\":\"ImageObject\",\"inLanguage\":\"de\",\"@id\":\"https:\\\/\\\/www.dies.it\\\/de\\\/#\\\/schema\\\/logo\\\/image\\\/\",\"url\":\"https:\\\/\\\/www.dies.it\\\/wp-content\\\/uploads\\\/2024\\\/07\\\/logo-dies-it.png\",\"contentUrl\":\"https:\\\/\\\/www.dies.it\\\/wp-content\\\/uploads\\\/2024\\\/07\\\/logo-dies-it.png\",\"width\":252,\"height\":48,\"caption\":\"DIES S.r.l.\"},\"image\":{\"@id\":\"https:\\\/\\\/www.dies.it\\\/de\\\/#\\\/schema\\\/logo\\\/image\\\/\"},\"sameAs\":[\"https:\\\/\\\/www.facebook.com\\\/DiesSrl\",\"https:\\\/\\\/www.linkedin.com\\\/company\\\/dies-srl\\\/\"]}]}<\/script>\n<!-- \/ Yoast SEO plugin. -->","yoast_head_json":{"title":"Ma\u00dfkontrolle DIES S.r.l. - Progettazione, Costruzione e Realizzazione di Stampi per Lavorazione a Freddo della Lamiera","description":"Ma\u00dfkontrolle DIES. Dank unseres gut ausgestatteten Messlabors k\u00f6nnen wir die hergestellten Teile messen und \u00fcberpr\u00fcfen.","robots":{"index":"index","follow":"follow","max-snippet":"max-snippet:-1","max-image-preview":"max-image-preview:large","max-video-preview":"max-video-preview:-1"},"canonical":"https:\/\/www.dies.it\/de\/masskontrolle\/","og_locale":"de_DE","og_type":"article","og_title":"Ma\u00dfkontrolle DIES S.r.l. - Progettazione, Costruzione e Realizzazione di Stampi per Lavorazione a Freddo della Lamiera","og_description":"Ma\u00dfkontrolle DIES. Dank unseres gut ausgestatteten Messlabors k\u00f6nnen wir die hergestellten Teile messen und \u00fcberpr\u00fcfen.","og_url":"https:\/\/www.dies.it\/de\/masskontrolle\/","og_site_name":"DIES S.r.l. - Progettazione, Costruzione e Realizzazione di Stampi per Lavorazione a Freddo della Lamiera","article_publisher":"https:\/\/www.facebook.com\/DiesSrl","article_modified_time":"2025-03-24T09:40:06+00:00","og_image":[{"url":"https:\/\/www.dies.it\/wp-content\/uploads\/2025\/01\/controllo_dimensionale_3_dies.jpg","type":"","width":"","height":""}],"twitter_card":"summary_large_image","twitter_misc":{"Gesch\u00e4tzte Lesezeit":"1\u00a0Minute"},"schema":{"@context":"https:\/\/schema.org","@graph":[{"@type":"WebPage","@id":"https:\/\/www.dies.it\/de\/masskontrolle\/","url":"https:\/\/www.dies.it\/de\/masskontrolle\/","name":"Ma\u00dfkontrolle DIES S.r.l. - Progettazione, Costruzione e Realizzazione di Stampi per Lavorazione a Freddo della Lamiera","isPartOf":{"@id":"https:\/\/www.dies.it\/de\/#website"},"primaryImageOfPage":{"@id":"https:\/\/www.dies.it\/de\/masskontrolle\/#primaryimage"},"image":{"@id":"https:\/\/www.dies.it\/de\/masskontrolle\/#primaryimage"},"thumbnailUrl":"https:\/\/www.dies.it\/wp-content\/uploads\/2025\/01\/controllo_dimensionale_3_dies.jpg","datePublished":"2025-01-09T10:15:43+00:00","dateModified":"2025-03-24T09:40:06+00:00","description":"Ma\u00dfkontrolle DIES. Dank unseres gut ausgestatteten Messlabors k\u00f6nnen wir die hergestellten Teile messen und \u00fcberpr\u00fcfen.","breadcrumb":{"@id":"https:\/\/www.dies.it\/de\/masskontrolle\/#breadcrumb"},"inLanguage":"de","potentialAction":[{"@type":"ReadAction","target":["https:\/\/www.dies.it\/de\/masskontrolle\/"]}]},{"@type":"ImageObject","inLanguage":"de","@id":"https:\/\/www.dies.it\/de\/masskontrolle\/#primaryimage","url":"https:\/\/www.dies.it\/wp-content\/uploads\/2025\/01\/controllo_dimensionale_3_dies.jpg","contentUrl":"https:\/\/www.dies.it\/wp-content\/uploads\/2025\/01\/controllo_dimensionale_3_dies.jpg"},{"@type":"BreadcrumbList","@id":"https:\/\/www.dies.it\/de\/masskontrolle\/#breadcrumb","itemListElement":[{"@type":"ListItem","position":1,"name":"Home","item":"https:\/\/www.dies.it\/de\/home-it\/"},{"@type":"ListItem","position":2,"name":"Ma\u00dfkontrolle"}]},{"@type":"WebSite","@id":"https:\/\/www.dies.it\/de\/#website","url":"https:\/\/www.dies.it\/de\/","name":"DIES S.r.l. - Progettazione, Costruzione e Realizzazione di Stampi per Lavorazioni a Freddo della Lamiera","description":"","publisher":{"@id":"https:\/\/www.dies.it\/de\/#organization"},"alternateName":"DIES Stampi","potentialAction":[{"@type":"SearchAction","target":{"@type":"EntryPoint","urlTemplate":"https:\/\/www.dies.it\/de\/?s={search_term_string}"},"query-input":{"@type":"PropertyValueSpecification","valueRequired":true,"valueName":"search_term_string"}}],"inLanguage":"de"},{"@type":"Organization","@id":"https:\/\/www.dies.it\/de\/#organization","name":"DIES S.r.l.","alternateName":"DIES Stampi","url":"https:\/\/www.dies.it\/de\/","logo":{"@type":"ImageObject","inLanguage":"de","@id":"https:\/\/www.dies.it\/de\/#\/schema\/logo\/image\/","url":"https:\/\/www.dies.it\/wp-content\/uploads\/2024\/07\/logo-dies-it.png","contentUrl":"https:\/\/www.dies.it\/wp-content\/uploads\/2024\/07\/logo-dies-it.png","width":252,"height":48,"caption":"DIES S.r.l."},"image":{"@id":"https:\/\/www.dies.it\/de\/#\/schema\/logo\/image\/"},"sameAs":["https:\/\/www.facebook.com\/DiesSrl","https:\/\/www.linkedin.com\/company\/dies-srl\/"]}]}},"_links":{"self":[{"href":"https:\/\/www.dies.it\/de\/wp-json\/wp\/v2\/pages\/6327","targetHints":{"allow":["GET"]}}],"collection":[{"href":"https:\/\/www.dies.it\/de\/wp-json\/wp\/v2\/pages"}],"about":[{"href":"https:\/\/www.dies.it\/de\/wp-json\/wp\/v2\/types\/page"}],"author":[{"embeddable":true,"href":"https:\/\/www.dies.it\/de\/wp-json\/wp\/v2\/users\/2"}],"replies":[{"embeddable":true,"href":"https:\/\/www.dies.it\/de\/wp-json\/wp\/v2\/comments?post=6327"}],"version-history":[{"count":2,"href":"https:\/\/www.dies.it\/de\/wp-json\/wp\/v2\/pages\/6327\/revisions"}],"predecessor-version":[{"id":6330,"href":"https:\/\/www.dies.it\/de\/wp-json\/wp\/v2\/pages\/6327\/revisions\/6330"}],"wp:attachment":[{"href":"https:\/\/www.dies.it\/de\/wp-json\/wp\/v2\/media?parent=6327"}],"curies":[{"name":"wp","href":"https:\/\/api.w.org\/{rel}","templated":true}]}}