{"id":6331,"date":"2025-01-09T10:47:41","date_gmt":"2025-01-09T09:47:41","guid":{"rendered":"https:\/\/www.dies.it\/entwurf\/"},"modified":"2025-04-16T15:47:43","modified_gmt":"2025-04-16T13:47:43","slug":"entwurf","status":"publish","type":"page","link":"https:\/\/www.dies.it\/de\/entwurf\/","title":{"rendered":"Entwurf"},"content":{"rendered":"\t\t<div data-elementor-type=\"wp-page\" data-elementor-id=\"6331\" class=\"elementor elementor-6331 elementor-4173\">\n\t\t\t\t<div class=\"elementor-element elementor-element-5cc8c30 e-flex e-con-boxed e-con e-parent\" data-id=\"5cc8c30\" data-element_type=\"container\" data-e-type=\"container\">\n\t\t\t\t\t<div class=\"e-con-inner\">\n\t\t<div class=\"elementor-element elementor-element-522b254 e-con-full e-flex e-con e-child\" data-id=\"522b254\" data-element_type=\"container\" data-e-type=\"container\">\n\t\t\t\t<div class=\"elementor-element elementor-element-568dff9 elementor-widget elementor-widget-text-editor\" data-id=\"568dff9\" data-element_type=\"widget\" data-e-type=\"widget\" data-widget_type=\"text-editor.default\">\n\t\t\t\t<div class=\"elementor-widget-container\">\n\t\t\t\t\t\t\t\t\t<p>Ein zentraler Bestandteil des Unternehmens, sowohl was die L\u00f6sungen als auch die Innovationen angeht, die nach den Vorgaben jedes einzelnen Kunden gesucht und umgesetzt werden.<\/p>\n<p>Unser B\u00fcro ist mit <strong>spezialisierter Software<\/strong> (Creo, NX, Visi) f\u00fcr <strong>3D-2D CAD-CAM-Design ausgestattet<\/strong>.<\/p>\n<p>Wir k\u00f6nnen <strong>Monoblock-<\/strong>, <strong>Transfer-<\/strong> und <strong>Folgeverbundformen<\/strong> herstellen.<\/p>\n<p>Wir sind auch in der Lage, unsere Kunden bei \u00c4nderungen an <strong>bestehenden Formen zu unterst\u00fctzen<\/strong>, unabh\u00e4ngig davon, ob es sich um eigene Konstruktionen handelt oder nicht, um ein Qualit\u00e4tsprodukt zu erhalten, trotz des nicht mehr ganz jungen Alters der Formen, die gem\u00e4\u00df unserer Mentalit\u00e4t so lange wie m\u00f6glich in Produktion bleiben m\u00fcssen.<\/p>\n<p><strong>Materialauswahl<\/strong>, <strong>W\u00e4rmebehandlung<\/strong> und <strong>Bearbeitung auf CNC-Maschinen<\/strong> schlie\u00dfen den Zyklus ab.<\/p>\n<p>Au\u00dferdem verf\u00fcgen wir \u00fcber das <strong>Programm \u201eStampak\u201c<\/strong> f\u00fcr <strong>Simulationen und Tiefziehversuche.<\/strong><\/p>\t\t\t\t\t\t\t\t<\/div>\n\t\t\t\t<\/div>\n\t\t\t\t<\/div>\n\t\t<div class=\"elementor-element elementor-element-fce1bde e-con-full e-flex e-con e-child\" data-id=\"fce1bde\" data-element_type=\"container\" data-e-type=\"container\">\n\t\t<div class=\"elementor-element elementor-element-2f62de2 e-con-full e-flex e-con e-child\" data-id=\"2f62de2\" data-element_type=\"container\" data-e-type=\"container\">\n\t\t\t\t<div class=\"elementor-element elementor-element-a8bf328 elementor-widget elementor-widget-image\" data-id=\"a8bf328\" data-element_type=\"widget\" data-e-type=\"widget\" data-widget_type=\"image.default\">\n\t\t\t\t<div class=\"elementor-widget-container\">\n\t\t\t\t\t\t\t\t\t\t\t\t\t\t\t<img fetchpriority=\"high\" decoding=\"async\" width=\"525\" height=\"395\" src=\"https:\/\/www.dies.it\/wp-content\/uploads\/2025\/01\/ufficio_tecnico_dies_1.jpg\" class=\"attachment-large size-large wp-image-5951\" alt=\"\" srcset=\"https:\/\/www.dies.it\/wp-content\/uploads\/2025\/01\/ufficio_tecnico_dies_1.jpg 766w, https:\/\/www.dies.it\/wp-content\/uploads\/2025\/01\/ufficio_tecnico_dies_1-300x226.jpg 300w, https:\/\/www.dies.it\/wp-content\/uploads\/2025\/01\/ufficio_tecnico_dies_1-600x451.jpg 600w\" sizes=\"(max-width: 525px) 100vw, 525px\" \/>\t\t\t\t\t\t\t\t\t\t\t\t\t\t\t<\/div>\n\t\t\t\t<\/div>\n\t\t\t\t<\/div>\n\t\t\t\t<\/div>\n\t\t\t\t\t<\/div>\n\t\t\t\t<\/div>\n\t\t\t\t<\/div>\n\t\t","protected":false},"excerpt":{"rendered":"<p>Ein zentraler Bestandteil des Unternehmens, sowohl was die L\u00f6sungen als auch die Innovationen angeht, die nach den Vorgaben jedes einzelnen Kunden gesucht und umgesetzt werden. Unser B\u00fcro ist mit spezialisierter Software (Creo, NX, Visi) f\u00fcr 3D-2D CAD-CAM-Design ausgestattet. Wir k\u00f6nnen Monoblock-, Transfer- und Folgeverbundformen herstellen. Wir sind auch in der Lage, unsere Kunden bei \u00c4nderungen [&hellip;]<\/p>\n","protected":false},"author":2,"featured_media":0,"parent":0,"menu_order":0,"comment_status":"closed","ping_status":"closed","template":"","meta":{"footnotes":""},"class_list":["post-6331","page","type-page","status-publish","hentry"],"yoast_head":"<!-- This site is optimized with the Yoast SEO plugin v27.5 - https:\/\/yoast.com\/product\/yoast-seo-wordpress\/ -->\n<title>Formenbau B\u00fcro DIES S.r.l. - Progettazione, Costruzione e Realizzazione di Stampi per Lavorazione a Freddo della Lamiera<\/title>\n<meta name=\"description\" content=\"Dies Formenbau B\u00fcro : Unser B\u00fcro ist mit spezialisierter Software (Creo, NX, Visi) f\u00fcr 3D-2D CAD-CAM-Design ausgestattet.\" \/>\n<meta name=\"robots\" content=\"index, follow, max-snippet:-1, max-image-preview:large, max-video-preview:-1\" \/>\n<link rel=\"canonical\" href=\"https:\/\/www.dies.it\/de\/entwurf\/\" \/>\n<meta property=\"og:locale\" content=\"de_DE\" \/>\n<meta property=\"og:type\" content=\"article\" \/>\n<meta property=\"og:title\" content=\"Formenbau B\u00fcro DIES S.r.l. - Progettazione, Costruzione e Realizzazione di Stampi per Lavorazione a Freddo della Lamiera\" \/>\n<meta property=\"og:description\" content=\"Dies Formenbau B\u00fcro : Unser B\u00fcro ist mit spezialisierter Software (Creo, NX, Visi) f\u00fcr 3D-2D CAD-CAM-Design ausgestattet.\" \/>\n<meta property=\"og:url\" content=\"https:\/\/www.dies.it\/de\/entwurf\/\" \/>\n<meta property=\"og:site_name\" content=\"DIES S.r.l. - Progettazione, Costruzione e Realizzazione di Stampi per Lavorazione a Freddo della Lamiera\" \/>\n<meta property=\"article:publisher\" content=\"https:\/\/www.facebook.com\/DiesSrl\" \/>\n<meta property=\"article:modified_time\" content=\"2025-04-16T13:47:43+00:00\" \/>\n<meta property=\"og:image\" content=\"https:\/\/www.dies.it\/wp-content\/uploads\/2025\/01\/ufficio_tecnico_dies_1.jpg\" \/>\n<meta name=\"twitter:card\" content=\"summary_large_image\" \/>\n<meta name=\"twitter:label1\" content=\"Gesch\u00e4tzte Lesezeit\" \/>\n\t<meta name=\"twitter:data1\" content=\"1\u00a0Minute\" \/>\n<script type=\"application\/ld+json\" class=\"yoast-schema-graph\">{\"@context\":\"https:\\\/\\\/schema.org\",\"@graph\":[{\"@type\":\"WebPage\",\"@id\":\"https:\\\/\\\/www.dies.it\\\/de\\\/entwurf\\\/\",\"url\":\"https:\\\/\\\/www.dies.it\\\/de\\\/entwurf\\\/\",\"name\":\"Formenbau B\u00fcro DIES S.r.l. - Progettazione, Costruzione e Realizzazione di Stampi per Lavorazione a Freddo della Lamiera\",\"isPartOf\":{\"@id\":\"https:\\\/\\\/www.dies.it\\\/de\\\/#website\"},\"primaryImageOfPage\":{\"@id\":\"https:\\\/\\\/www.dies.it\\\/de\\\/entwurf\\\/#primaryimage\"},\"image\":{\"@id\":\"https:\\\/\\\/www.dies.it\\\/de\\\/entwurf\\\/#primaryimage\"},\"thumbnailUrl\":\"https:\\\/\\\/www.dies.it\\\/wp-content\\\/uploads\\\/2025\\\/01\\\/ufficio_tecnico_dies_1.jpg\",\"datePublished\":\"2025-01-09T09:47:41+00:00\",\"dateModified\":\"2025-04-16T13:47:43+00:00\",\"description\":\"Dies Formenbau B\u00fcro : Unser B\u00fcro ist mit spezialisierter Software (Creo, NX, Visi) f\u00fcr 3D-2D CAD-CAM-Design ausgestattet.\",\"breadcrumb\":{\"@id\":\"https:\\\/\\\/www.dies.it\\\/de\\\/entwurf\\\/#breadcrumb\"},\"inLanguage\":\"de\",\"potentialAction\":[{\"@type\":\"ReadAction\",\"target\":[\"https:\\\/\\\/www.dies.it\\\/de\\\/entwurf\\\/\"]}]},{\"@type\":\"ImageObject\",\"inLanguage\":\"de\",\"@id\":\"https:\\\/\\\/www.dies.it\\\/de\\\/entwurf\\\/#primaryimage\",\"url\":\"https:\\\/\\\/www.dies.it\\\/wp-content\\\/uploads\\\/2025\\\/01\\\/ufficio_tecnico_dies_1.jpg\",\"contentUrl\":\"https:\\\/\\\/www.dies.it\\\/wp-content\\\/uploads\\\/2025\\\/01\\\/ufficio_tecnico_dies_1.jpg\"},{\"@type\":\"BreadcrumbList\",\"@id\":\"https:\\\/\\\/www.dies.it\\\/de\\\/entwurf\\\/#breadcrumb\",\"itemListElement\":[{\"@type\":\"ListItem\",\"position\":1,\"name\":\"Home\",\"item\":\"https:\\\/\\\/www.dies.it\\\/de\\\/home-it\\\/\"},{\"@type\":\"ListItem\",\"position\":2,\"name\":\"Entwurf\"}]},{\"@type\":\"WebSite\",\"@id\":\"https:\\\/\\\/www.dies.it\\\/de\\\/#website\",\"url\":\"https:\\\/\\\/www.dies.it\\\/de\\\/\",\"name\":\"DIES S.r.l. - Progettazione, Costruzione e Realizzazione di Stampi per Lavorazioni a Freddo della Lamiera\",\"description\":\"\",\"publisher\":{\"@id\":\"https:\\\/\\\/www.dies.it\\\/de\\\/#organization\"},\"alternateName\":\"DIES Stampi\",\"potentialAction\":[{\"@type\":\"SearchAction\",\"target\":{\"@type\":\"EntryPoint\",\"urlTemplate\":\"https:\\\/\\\/www.dies.it\\\/de\\\/?s={search_term_string}\"},\"query-input\":{\"@type\":\"PropertyValueSpecification\",\"valueRequired\":true,\"valueName\":\"search_term_string\"}}],\"inLanguage\":\"de\"},{\"@type\":\"Organization\",\"@id\":\"https:\\\/\\\/www.dies.it\\\/de\\\/#organization\",\"name\":\"DIES S.r.l.\",\"alternateName\":\"DIES Stampi\",\"url\":\"https:\\\/\\\/www.dies.it\\\/de\\\/\",\"logo\":{\"@type\":\"ImageObject\",\"inLanguage\":\"de\",\"@id\":\"https:\\\/\\\/www.dies.it\\\/de\\\/#\\\/schema\\\/logo\\\/image\\\/\",\"url\":\"https:\\\/\\\/www.dies.it\\\/wp-content\\\/uploads\\\/2024\\\/07\\\/logo-dies-it.png\",\"contentUrl\":\"https:\\\/\\\/www.dies.it\\\/wp-content\\\/uploads\\\/2024\\\/07\\\/logo-dies-it.png\",\"width\":252,\"height\":48,\"caption\":\"DIES S.r.l.\"},\"image\":{\"@id\":\"https:\\\/\\\/www.dies.it\\\/de\\\/#\\\/schema\\\/logo\\\/image\\\/\"},\"sameAs\":[\"https:\\\/\\\/www.facebook.com\\\/DiesSrl\",\"https:\\\/\\\/www.linkedin.com\\\/company\\\/dies-srl\\\/\"]}]}<\/script>\n<!-- \/ Yoast SEO plugin. -->","yoast_head_json":{"title":"Formenbau B\u00fcro DIES S.r.l. - Progettazione, Costruzione e Realizzazione di Stampi per Lavorazione a Freddo della Lamiera","description":"Dies Formenbau B\u00fcro : Unser B\u00fcro ist mit spezialisierter Software (Creo, NX, Visi) f\u00fcr 3D-2D CAD-CAM-Design ausgestattet.","robots":{"index":"index","follow":"follow","max-snippet":"max-snippet:-1","max-image-preview":"max-image-preview:large","max-video-preview":"max-video-preview:-1"},"canonical":"https:\/\/www.dies.it\/de\/entwurf\/","og_locale":"de_DE","og_type":"article","og_title":"Formenbau B\u00fcro DIES S.r.l. - Progettazione, Costruzione e Realizzazione di Stampi per Lavorazione a Freddo della Lamiera","og_description":"Dies Formenbau B\u00fcro : Unser B\u00fcro ist mit spezialisierter Software (Creo, NX, Visi) f\u00fcr 3D-2D CAD-CAM-Design ausgestattet.","og_url":"https:\/\/www.dies.it\/de\/entwurf\/","og_site_name":"DIES S.r.l. - Progettazione, Costruzione e Realizzazione di Stampi per Lavorazione a Freddo della Lamiera","article_publisher":"https:\/\/www.facebook.com\/DiesSrl","article_modified_time":"2025-04-16T13:47:43+00:00","og_image":[{"url":"https:\/\/www.dies.it\/wp-content\/uploads\/2025\/01\/ufficio_tecnico_dies_1.jpg","type":"","width":"","height":""}],"twitter_card":"summary_large_image","twitter_misc":{"Gesch\u00e4tzte Lesezeit":"1\u00a0Minute"},"schema":{"@context":"https:\/\/schema.org","@graph":[{"@type":"WebPage","@id":"https:\/\/www.dies.it\/de\/entwurf\/","url":"https:\/\/www.dies.it\/de\/entwurf\/","name":"Formenbau B\u00fcro DIES S.r.l. - Progettazione, Costruzione e Realizzazione di Stampi per Lavorazione a Freddo della Lamiera","isPartOf":{"@id":"https:\/\/www.dies.it\/de\/#website"},"primaryImageOfPage":{"@id":"https:\/\/www.dies.it\/de\/entwurf\/#primaryimage"},"image":{"@id":"https:\/\/www.dies.it\/de\/entwurf\/#primaryimage"},"thumbnailUrl":"https:\/\/www.dies.it\/wp-content\/uploads\/2025\/01\/ufficio_tecnico_dies_1.jpg","datePublished":"2025-01-09T09:47:41+00:00","dateModified":"2025-04-16T13:47:43+00:00","description":"Dies Formenbau B\u00fcro : Unser B\u00fcro ist mit spezialisierter Software (Creo, NX, Visi) f\u00fcr 3D-2D CAD-CAM-Design ausgestattet.","breadcrumb":{"@id":"https:\/\/www.dies.it\/de\/entwurf\/#breadcrumb"},"inLanguage":"de","potentialAction":[{"@type":"ReadAction","target":["https:\/\/www.dies.it\/de\/entwurf\/"]}]},{"@type":"ImageObject","inLanguage":"de","@id":"https:\/\/www.dies.it\/de\/entwurf\/#primaryimage","url":"https:\/\/www.dies.it\/wp-content\/uploads\/2025\/01\/ufficio_tecnico_dies_1.jpg","contentUrl":"https:\/\/www.dies.it\/wp-content\/uploads\/2025\/01\/ufficio_tecnico_dies_1.jpg"},{"@type":"BreadcrumbList","@id":"https:\/\/www.dies.it\/de\/entwurf\/#breadcrumb","itemListElement":[{"@type":"ListItem","position":1,"name":"Home","item":"https:\/\/www.dies.it\/de\/home-it\/"},{"@type":"ListItem","position":2,"name":"Entwurf"}]},{"@type":"WebSite","@id":"https:\/\/www.dies.it\/de\/#website","url":"https:\/\/www.dies.it\/de\/","name":"DIES S.r.l. - Progettazione, Costruzione e Realizzazione di Stampi per Lavorazioni a Freddo della Lamiera","description":"","publisher":{"@id":"https:\/\/www.dies.it\/de\/#organization"},"alternateName":"DIES Stampi","potentialAction":[{"@type":"SearchAction","target":{"@type":"EntryPoint","urlTemplate":"https:\/\/www.dies.it\/de\/?s={search_term_string}"},"query-input":{"@type":"PropertyValueSpecification","valueRequired":true,"valueName":"search_term_string"}}],"inLanguage":"de"},{"@type":"Organization","@id":"https:\/\/www.dies.it\/de\/#organization","name":"DIES S.r.l.","alternateName":"DIES Stampi","url":"https:\/\/www.dies.it\/de\/","logo":{"@type":"ImageObject","inLanguage":"de","@id":"https:\/\/www.dies.it\/de\/#\/schema\/logo\/image\/","url":"https:\/\/www.dies.it\/wp-content\/uploads\/2024\/07\/logo-dies-it.png","contentUrl":"https:\/\/www.dies.it\/wp-content\/uploads\/2024\/07\/logo-dies-it.png","width":252,"height":48,"caption":"DIES S.r.l."},"image":{"@id":"https:\/\/www.dies.it\/de\/#\/schema\/logo\/image\/"},"sameAs":["https:\/\/www.facebook.com\/DiesSrl","https:\/\/www.linkedin.com\/company\/dies-srl\/"]}]}},"_links":{"self":[{"href":"https:\/\/www.dies.it\/de\/wp-json\/wp\/v2\/pages\/6331","targetHints":{"allow":["GET"]}}],"collection":[{"href":"https:\/\/www.dies.it\/de\/wp-json\/wp\/v2\/pages"}],"about":[{"href":"https:\/\/www.dies.it\/de\/wp-json\/wp\/v2\/types\/page"}],"author":[{"embeddable":true,"href":"https:\/\/www.dies.it\/de\/wp-json\/wp\/v2\/users\/2"}],"replies":[{"embeddable":true,"href":"https:\/\/www.dies.it\/de\/wp-json\/wp\/v2\/comments?post=6331"}],"version-history":[{"count":5,"href":"https:\/\/www.dies.it\/de\/wp-json\/wp\/v2\/pages\/6331\/revisions"}],"predecessor-version":[{"id":6775,"href":"https:\/\/www.dies.it\/de\/wp-json\/wp\/v2\/pages\/6331\/revisions\/6775"}],"wp:attachment":[{"href":"https:\/\/www.dies.it\/de\/wp-json\/wp\/v2\/media?parent=6331"}],"curies":[{"name":"wp","href":"https:\/\/api.w.org\/{rel}","templated":true}]}}