{"id":6335,"date":"2024-10-29T15:16:55","date_gmt":"2024-10-29T14:16:55","guid":{"rendered":"https:\/\/www.dies.it\/unsere-geschichte\/"},"modified":"2025-03-24T11:16:52","modified_gmt":"2025-03-24T10:16:52","slug":"unsere-geschichte","status":"publish","type":"page","link":"https:\/\/www.dies.it\/de\/unsere-geschichte\/","title":{"rendered":"Unsere Geschichte"},"content":{"rendered":"\t\t<div data-elementor-type=\"wp-page\" data-elementor-id=\"6335\" class=\"elementor elementor-6335 elementor-2938\">\n\t\t\t\t\t\t<section class=\"elementor-section elementor-top-section elementor-element elementor-element-e355b58 elementor-section-full_width elementor-section-height-default elementor-section-height-default\" data-id=\"e355b58\" data-element_type=\"section\" data-e-type=\"section\">\n\t\t\t\t\t\t<div class=\"elementor-container elementor-column-gap-default\">\n\t\t\t\t\t<div class=\"elementor-column elementor-col-100 elementor-top-column elementor-element elementor-element-741b802\" data-id=\"741b802\" data-element_type=\"column\" data-e-type=\"column\">\n\t\t\t<div class=\"elementor-widget-wrap elementor-element-populated\">\n\t\t\t\t\t\t<div class=\"elementor-element elementor-element-aba94ce elementor-widget elementor-widget-machino_machino_history\" data-id=\"aba94ce\" data-element_type=\"widget\" data-e-type=\"widget\" data-settings=\"{&quot;machino_layout_padding&quot;:{&quot;unit&quot;:&quot;px&quot;,&quot;top&quot;:&quot;120&quot;,&quot;right&quot;:&quot;0&quot;,&quot;bottom&quot;:&quot;60&quot;,&quot;left&quot;:&quot;0&quot;,&quot;isLinked&quot;:false},&quot;machino_layout_margin&quot;:{&quot;unit&quot;:&quot;px&quot;,&quot;top&quot;:&quot;&quot;,&quot;right&quot;:&quot;&quot;,&quot;bottom&quot;:&quot;&quot;,&quot;left&quot;:&quot;&quot;,&quot;isLinked&quot;:true},&quot;machino_layout_margin_tablet&quot;:{&quot;unit&quot;:&quot;px&quot;,&quot;top&quot;:&quot;&quot;,&quot;right&quot;:&quot;&quot;,&quot;bottom&quot;:&quot;&quot;,&quot;left&quot;:&quot;&quot;,&quot;isLinked&quot;:true},&quot;machino_layout_margin_mobile&quot;:{&quot;unit&quot;:&quot;px&quot;,&quot;top&quot;:&quot;&quot;,&quot;right&quot;:&quot;&quot;,&quot;bottom&quot;:&quot;&quot;,&quot;left&quot;:&quot;&quot;,&quot;isLinked&quot;:true},&quot;machino_layout_padding_tablet&quot;:{&quot;unit&quot;:&quot;px&quot;,&quot;top&quot;:&quot;&quot;,&quot;right&quot;:&quot;&quot;,&quot;bottom&quot;:&quot;&quot;,&quot;left&quot;:&quot;&quot;,&quot;isLinked&quot;:true},&quot;machino_layout_padding_mobile&quot;:{&quot;unit&quot;:&quot;px&quot;,&quot;top&quot;:&quot;&quot;,&quot;right&quot;:&quot;&quot;,&quot;bottom&quot;:&quot;&quot;,&quot;left&quot;:&quot;&quot;,&quot;isLinked&quot;:true}}\" data-widget_type=\"machino_machino_history.default\">\n\t\t\t\t<div class=\"elementor-widget-container\">\n\t\t\t\t\t\t\t\r\n        \r\n        \r\n     <!-- history-section -->\r\n        <section class=\"history-section\">\r\n            <div class=\"auto-container\">\r\n                                \r\n                <div class=\"inner-box\">\r\n                    <div class=\"row clearfix\">\r\n                        <div class=\"col-lg-6 col-md-6 col-sm-12 image-column\">\r\n                                                        <div class=\"image-box\">\r\n                                <figure class=\"image\"><img decoding=\"async\" src=\"https:\/\/www.dies.it\/wp-content\/uploads\/2024\/12\/dies-storia_1988.jpg\" alt=\"Awesome Image\"><\/figure>\r\n                                <div class=\"link-box\"><a href=\"\"><i class=\"flaticon-diagonal-arrow\"><\/i><\/a><\/div>                            <\/div>\r\n                                                    <\/div>\r\n                        <div class=\"col-lg-6 col-md-6 col-sm-12 content-column\">\r\n                            <div class=\"content-box\">\r\n                                <h2>1988<\/h2>                                <div class=\"text\">\r\n                                     <h3>Die Entstehungsgeschichte von DIES<\/h3>                                     <p>DIES S.r.l. wurde 1988 von Antonio Bernardini und Giacomo Caminada gegr\u00fcndet. Ihre Leidenschaft f\u00fcr Blech und Feinmechanik und ihr Wunsch, ihre Kenntnisse und F\u00e4higkeiten zu nutzen, haben sie dazu veranlasst, ein Unternehmen zu schaffen, in dem sie Erfahrung und Innovation in der Herstellung von Folgeverbundformen und manuellen Werkzeugen sowohl f\u00fcr Blech als auch f\u00fcr rostfreien Stahl kombinieren k\u00f6nnen.\n<br \/><br \/>\nIn einem Markt, in dem Professionalit\u00e4t und Qualit\u00e4t unabdingbare Voraussetzungen f\u00fcr ein erfolgreiches Unternehmen sind, wendet DIES diese als unumg\u00e4ngliche Leitlinie an, um hochtechnologische und pr\u00e4zise L\u00f6sungen zu erzielen, mit dem Ziel, dem Endkunden ein qualitativ hochwertiges Produkt anzubieten, das alle seine Bed\u00fcrfnisse erf\u00fcllt und gleichzeitig wettbewerbsf\u00e4hige Preise bietet.<\/p>                                <\/div>\r\n                            <\/div>\r\n                        <\/div>\r\n                    <\/div>\r\n                <\/div>\r\n                                <div class=\"inner-box\">\r\n                    <div class=\"row clearfix\">\r\n                        <div class=\"col-lg-6 col-md-6 col-sm-12 content-column\">\r\n                            <div class=\"content-box\">\r\n                                <h2>1999\/2000<\/h2>                                <div class=\"text\">\r\n                                     <h3>Wachstum und Verbesserung<\/h3>                                     <p>Die fortschreitende Anerkennung von DIES auf dem Markt als f\u00fchrendes Unternehmen in seinem Bereich, verbunden mit dem Wunsch nach Wachstum und Verbesserung, bietet eine neue Chance.\n<br \/><br \/>\nDIES S.r.l. verlegte seine Aktivit\u00e4ten vom Werk in der Via Dante in Abbiategrasso (MI) in das neue Werk in Cassinetta di Lugagnano (MI).<\/p>                                <\/div>\r\n                            <\/div>\r\n                        <\/div>\r\n                        <div class=\"col-lg-6 col-md-6 col-sm-12 image-column\">\r\n                                                         <div class=\"image-box\">\r\n                                <figure class=\"image\"><img decoding=\"async\" src=\"https:\/\/www.dies.it\/wp-content\/uploads\/2024\/12\/dies-storia_1999-2000.jpg\" alt=\"Awesome Image\"><\/figure>\r\n                                <div class=\"link-box\"><a href=\"\"><i class=\"flaticon-diagonal-arrow\"><\/i><\/a><\/div>                            <\/div>\r\n                                                    <\/div>\r\n                    <\/div>\r\n                <\/div>\r\n                \r\n                                \r\n                <div class=\"inner-box\">\r\n                    <div class=\"row clearfix\">\r\n                        <div class=\"col-lg-6 col-md-6 col-sm-12 image-column\">\r\n                                                        <div class=\"image-box\">\r\n                                <figure class=\"image\"><img decoding=\"async\" src=\"https:\/\/www.dies.it\/wp-content\/uploads\/2024\/12\/dies-storia_2003.jpg\" alt=\"Awesome Image\"><\/figure>\r\n                                <div class=\"link-box\"><a href=\"\"><i class=\"flaticon-diagonal-arrow\"><\/i><\/a><\/div>                            <\/div>\r\n                                                    <\/div>\r\n                        <div class=\"col-lg-6 col-md-6 col-sm-12 content-column\">\r\n                            <div class=\"content-box\">\r\n                                <h2>2003<\/h2>                                <div class=\"text\">\r\n                                     <h3>Qualit\u00e4t und Kontrolle<\/h3>                                     <p>Ebenfalls im Hinblick auf Wachstum und Verbesserung sowie Qualit\u00e4t und Pr\u00e4zision erneuerte DIES seinen Maschinenpark mit umfangreichen Investitionen, insbesondere mit der Anschaffung eines Kontrollinstruments f\u00fcr Fertigprodukte. Ein 3D-Messger\u00e4t f\u00fcr die detaillierte Kontrolle der erforderlichen Messungen.<\/p>                                <\/div>\r\n                            <\/div>\r\n                        <\/div>\r\n                    <\/div>\r\n                <\/div>\r\n                                <div class=\"inner-box\">\r\n                    <div class=\"row clearfix\">\r\n                        <div class=\"col-lg-6 col-md-6 col-sm-12 content-column\">\r\n                            <div class=\"content-box\">\r\n                                <h2>2012<\/h2>                                <div class=\"text\">\r\n                                     <h3>Innovation und Energie<\/h3>                                     <p>Der Mitbegr\u00fcnder Antonio Bernardini verstarb und wurde von seinen Kindern DAVIDE und FRANCESCA abgel\u00f6st, an die Antonio seine Leidenschaft weitergegeben hatte.\n<br \/><br \/>\nDie beiden Erben behielten die Philosophie ihres Vaters bei, immer zusammen mit Giacomo Caminada, und brachten weitere Frische, Innovation und Energie in das Unternehmen.<\/p>                                <\/div>\r\n                            <\/div>\r\n                        <\/div>\r\n                        <div class=\"col-lg-6 col-md-6 col-sm-12 image-column\">\r\n                                                         <div class=\"image-box\">\r\n                                <figure class=\"image\"><img decoding=\"async\" src=\"https:\/\/www.dies.it\/wp-content\/uploads\/2024\/12\/dies-storia_2012.jpg\" alt=\"Awesome Image\"><\/figure>\r\n                                <div class=\"link-box\"><a href=\"\"><i class=\"flaticon-diagonal-arrow\"><\/i><\/a><\/div>                            <\/div>\r\n                                                    <\/div>\r\n                    <\/div>\r\n                <\/div>\r\n                \r\n                            <\/div>\r\n        <\/section>\r\n        <!-- history-section end -->   \r\n           \r\n       \r\n        \t\t\t\t<\/div>\n\t\t\t\t<\/div>\n\t\t\t\t\t<\/div>\n\t\t<\/div>\n\t\t\t\t\t<\/div>\n\t\t<\/section>\n\t\t\t\t<section class=\"elementor-section elementor-top-section elementor-element elementor-element-5e7a593 elementor-section-full_width elementor-section-height-default elementor-section-height-default\" data-id=\"5e7a593\" data-element_type=\"section\" data-e-type=\"section\">\n\t\t\t\t\t\t<div class=\"elementor-container elementor-column-gap-default\">\n\t\t\t\t\t<div class=\"elementor-column elementor-col-100 elementor-top-column elementor-element elementor-element-028087f\" data-id=\"028087f\" data-element_type=\"column\" data-e-type=\"column\">\n\t\t\t<div class=\"elementor-widget-wrap elementor-element-populated\">\n\t\t\t\t\t\t<div class=\"elementor-element elementor-element-1045bc9 elementor-widget elementor-widget-machino_machino_history\" data-id=\"1045bc9\" data-element_type=\"widget\" data-e-type=\"widget\" data-settings=\"{&quot;machino_layout_padding&quot;:{&quot;unit&quot;:&quot;px&quot;,&quot;top&quot;:&quot;0&quot;,&quot;right&quot;:&quot;0&quot;,&quot;bottom&quot;:&quot;120&quot;,&quot;left&quot;:&quot;0&quot;,&quot;isLinked&quot;:false},&quot;machino_layout_margin&quot;:{&quot;unit&quot;:&quot;px&quot;,&quot;top&quot;:&quot;&quot;,&quot;right&quot;:&quot;&quot;,&quot;bottom&quot;:&quot;&quot;,&quot;left&quot;:&quot;&quot;,&quot;isLinked&quot;:true},&quot;machino_layout_margin_tablet&quot;:{&quot;unit&quot;:&quot;px&quot;,&quot;top&quot;:&quot;&quot;,&quot;right&quot;:&quot;&quot;,&quot;bottom&quot;:&quot;&quot;,&quot;left&quot;:&quot;&quot;,&quot;isLinked&quot;:true},&quot;machino_layout_margin_mobile&quot;:{&quot;unit&quot;:&quot;px&quot;,&quot;top&quot;:&quot;&quot;,&quot;right&quot;:&quot;&quot;,&quot;bottom&quot;:&quot;&quot;,&quot;left&quot;:&quot;&quot;,&quot;isLinked&quot;:true},&quot;machino_layout_padding_tablet&quot;:{&quot;unit&quot;:&quot;px&quot;,&quot;top&quot;:&quot;&quot;,&quot;right&quot;:&quot;&quot;,&quot;bottom&quot;:&quot;&quot;,&quot;left&quot;:&quot;&quot;,&quot;isLinked&quot;:true},&quot;machino_layout_padding_mobile&quot;:{&quot;unit&quot;:&quot;px&quot;,&quot;top&quot;:&quot;&quot;,&quot;right&quot;:&quot;&quot;,&quot;bottom&quot;:&quot;&quot;,&quot;left&quot;:&quot;&quot;,&quot;isLinked&quot;:true}}\" data-widget_type=\"machino_machino_history.default\">\n\t\t\t\t<div class=\"elementor-widget-container\">\n\t\t\t\t\t\t\t\r\n        \r\n        \r\n     <!-- history-section -->\r\n        <section class=\"history-section\">\r\n            <div class=\"auto-container\">\r\n                                \r\n                <div class=\"inner-box\">\r\n                    <div class=\"row clearfix\">\r\n                        <div class=\"col-lg-6 col-md-6 col-sm-12 image-column\">\r\n                                                        <div class=\"image-box\">\r\n                                <figure class=\"image\"><img decoding=\"async\" src=\"https:\/\/www.dies.it\/wp-content\/uploads\/2024\/07\/dies-chisiamo.jpg\" alt=\"Awesome Image\"><\/figure>\r\n                                <div class=\"link-box\"><a href=\"\"><i class=\"flaticon-diagonal-arrow\"><\/i><\/a><\/div>                            <\/div>\r\n                                                    <\/div>\r\n                        <div class=\"col-lg-6 col-md-6 col-sm-12 content-column\">\r\n                            <div class=\"content-box\">\r\n                                <h2>2022\/2023<\/h2>                                <div class=\"text\">\r\n                                     <h3>Neues Unternehmensverm\u00f6gen<\/h3>                                     <p>Der Mitbegr\u00fcnder Giacomo Caminada verstarb, und wie beim Tod von Antonio \u00fcbernahm seine Tochter Angela Caminada das Verm\u00f6gen des Unternehmens.\n<br \/><br \/>\nIn Anbetracht der ausgezeichneten Ergebnisse und um ein weiteres Wachstum auf der Grundlage von Innovation und der Vision des neuen Unternehmens zu erm\u00f6glichen, wurde DAVIDE A. BERNARDINI zum alleinigen Direktor ernannt.<\/p>                                <\/div>\r\n                            <\/div>\r\n                        <\/div>\r\n                    <\/div>\r\n                <\/div>\r\n                            <\/div>\r\n        <\/section>\r\n        <!-- history-section end -->   \r\n           \r\n       \r\n        \t\t\t\t<\/div>\n\t\t\t\t<\/div>\n\t\t\t\t\t<\/div>\n\t\t<\/div>\n\t\t\t\t\t<\/div>\n\t\t<\/section>\n\t\t\t\t<\/div>\n\t\t","protected":false},"excerpt":{"rendered":"<p>1988 Die Entstehungsgeschichte von DIES DIES S.r.l. wurde 1988 von Antonio Bernardini und Giacomo Caminada gegr\u00fcndet. Ihre Leidenschaft f\u00fcr Blech und Feinmechanik und ihr Wunsch, ihre Kenntnisse und F\u00e4higkeiten zu nutzen, haben sie dazu veranlasst, ein Unternehmen zu schaffen, in dem sie Erfahrung und Innovation in der Herstellung von Folgeverbundformen und manuellen Werkzeugen sowohl f\u00fcr [&hellip;]<\/p>\n","protected":false},"author":1,"featured_media":0,"parent":0,"menu_order":0,"comment_status":"closed","ping_status":"closed","template":"tpl-default-elementor.php","meta":{"footnotes":""},"class_list":["post-6335","page","type-page","status-publish","hentry"],"yoast_head":"<!-- This site is optimized with the Yoast SEO plugin v27.5 - https:\/\/yoast.com\/product\/yoast-seo-wordpress\/ -->\n<title>Unsere Geschichte DIES S.r.l. - Progettazione, Costruzione e Realizzazione di Stampi per Lavorazione a Freddo della Lamiera<\/title>\n<meta name=\"description\" content=\"Unsere Geschichte DIES: Entstehungsgeschichte, Wachstum und Verbesserung, Qualit\u00e4t und Kontrolle, Innovation und Energie, neues Unternehmensverm\u00f6gen\" \/>\n<meta name=\"robots\" content=\"index, follow, max-snippet:-1, max-image-preview:large, max-video-preview:-1\" \/>\n<link rel=\"canonical\" href=\"https:\/\/www.dies.it\/de\/unsere-geschichte\/\" \/>\n<meta property=\"og:locale\" content=\"de_DE\" \/>\n<meta property=\"og:type\" content=\"article\" \/>\n<meta property=\"og:title\" content=\"Unsere Geschichte DIES S.r.l. - Progettazione, Costruzione e Realizzazione di Stampi per Lavorazione a Freddo della Lamiera\" \/>\n<meta property=\"og:description\" content=\"Unsere Geschichte DIES: Entstehungsgeschichte, Wachstum und Verbesserung, Qualit\u00e4t und Kontrolle, Innovation und Energie, neues Unternehmensverm\u00f6gen\" \/>\n<meta property=\"og:url\" content=\"https:\/\/www.dies.it\/de\/unsere-geschichte\/\" \/>\n<meta property=\"og:site_name\" content=\"DIES S.r.l. - Progettazione, Costruzione e Realizzazione di Stampi per Lavorazione a Freddo della Lamiera\" \/>\n<meta property=\"article:publisher\" content=\"https:\/\/www.facebook.com\/DiesSrl\" \/>\n<meta property=\"article:modified_time\" content=\"2025-03-24T10:16:52+00:00\" \/>\n<meta property=\"og:image\" content=\"https:\/\/www.dies.it\/wp-content\/uploads\/2024\/12\/dies-storia_1988.jpg\" \/>\n<meta name=\"twitter:card\" content=\"summary_large_image\" \/>\n<meta name=\"twitter:label1\" content=\"Gesch\u00e4tzte Lesezeit\" \/>\n\t<meta name=\"twitter:data1\" content=\"3\u00a0Minuten\" \/>\n<script type=\"application\/ld+json\" class=\"yoast-schema-graph\">{\"@context\":\"https:\\\/\\\/schema.org\",\"@graph\":[{\"@type\":\"WebPage\",\"@id\":\"https:\\\/\\\/www.dies.it\\\/de\\\/unsere-geschichte\\\/\",\"url\":\"https:\\\/\\\/www.dies.it\\\/de\\\/unsere-geschichte\\\/\",\"name\":\"Unsere Geschichte DIES S.r.l. - Progettazione, Costruzione e Realizzazione di Stampi per Lavorazione a Freddo della Lamiera\",\"isPartOf\":{\"@id\":\"https:\\\/\\\/www.dies.it\\\/de\\\/#website\"},\"primaryImageOfPage\":{\"@id\":\"https:\\\/\\\/www.dies.it\\\/de\\\/unsere-geschichte\\\/#primaryimage\"},\"image\":{\"@id\":\"https:\\\/\\\/www.dies.it\\\/de\\\/unsere-geschichte\\\/#primaryimage\"},\"thumbnailUrl\":\"https:\\\/\\\/www.dies.it\\\/wp-content\\\/uploads\\\/2024\\\/12\\\/dies-storia_1988.jpg\",\"datePublished\":\"2024-10-29T14:16:55+00:00\",\"dateModified\":\"2025-03-24T10:16:52+00:00\",\"description\":\"Unsere Geschichte DIES: Entstehungsgeschichte, Wachstum und Verbesserung, Qualit\u00e4t und Kontrolle, Innovation und Energie, neues Unternehmensverm\u00f6gen\",\"breadcrumb\":{\"@id\":\"https:\\\/\\\/www.dies.it\\\/de\\\/unsere-geschichte\\\/#breadcrumb\"},\"inLanguage\":\"de\",\"potentialAction\":[{\"@type\":\"ReadAction\",\"target\":[\"https:\\\/\\\/www.dies.it\\\/de\\\/unsere-geschichte\\\/\"]}]},{\"@type\":\"ImageObject\",\"inLanguage\":\"de\",\"@id\":\"https:\\\/\\\/www.dies.it\\\/de\\\/unsere-geschichte\\\/#primaryimage\",\"url\":\"https:\\\/\\\/www.dies.it\\\/wp-content\\\/uploads\\\/2024\\\/12\\\/dies-storia_1988.jpg\",\"contentUrl\":\"https:\\\/\\\/www.dies.it\\\/wp-content\\\/uploads\\\/2024\\\/12\\\/dies-storia_1988.jpg\"},{\"@type\":\"BreadcrumbList\",\"@id\":\"https:\\\/\\\/www.dies.it\\\/de\\\/unsere-geschichte\\\/#breadcrumb\",\"itemListElement\":[{\"@type\":\"ListItem\",\"position\":1,\"name\":\"Home\",\"item\":\"https:\\\/\\\/www.dies.it\\\/de\\\/home-it\\\/\"},{\"@type\":\"ListItem\",\"position\":2,\"name\":\"Unsere Geschichte\"}]},{\"@type\":\"WebSite\",\"@id\":\"https:\\\/\\\/www.dies.it\\\/de\\\/#website\",\"url\":\"https:\\\/\\\/www.dies.it\\\/de\\\/\",\"name\":\"DIES S.r.l. - Progettazione, Costruzione e Realizzazione di Stampi per Lavorazioni a Freddo della Lamiera\",\"description\":\"\",\"publisher\":{\"@id\":\"https:\\\/\\\/www.dies.it\\\/de\\\/#organization\"},\"alternateName\":\"DIES Stampi\",\"potentialAction\":[{\"@type\":\"SearchAction\",\"target\":{\"@type\":\"EntryPoint\",\"urlTemplate\":\"https:\\\/\\\/www.dies.it\\\/de\\\/?s={search_term_string}\"},\"query-input\":{\"@type\":\"PropertyValueSpecification\",\"valueRequired\":true,\"valueName\":\"search_term_string\"}}],\"inLanguage\":\"de\"},{\"@type\":\"Organization\",\"@id\":\"https:\\\/\\\/www.dies.it\\\/de\\\/#organization\",\"name\":\"DIES S.r.l.\",\"alternateName\":\"DIES Stampi\",\"url\":\"https:\\\/\\\/www.dies.it\\\/de\\\/\",\"logo\":{\"@type\":\"ImageObject\",\"inLanguage\":\"de\",\"@id\":\"https:\\\/\\\/www.dies.it\\\/de\\\/#\\\/schema\\\/logo\\\/image\\\/\",\"url\":\"https:\\\/\\\/www.dies.it\\\/wp-content\\\/uploads\\\/2024\\\/07\\\/logo-dies-it.png\",\"contentUrl\":\"https:\\\/\\\/www.dies.it\\\/wp-content\\\/uploads\\\/2024\\\/07\\\/logo-dies-it.png\",\"width\":252,\"height\":48,\"caption\":\"DIES S.r.l.\"},\"image\":{\"@id\":\"https:\\\/\\\/www.dies.it\\\/de\\\/#\\\/schema\\\/logo\\\/image\\\/\"},\"sameAs\":[\"https:\\\/\\\/www.facebook.com\\\/DiesSrl\",\"https:\\\/\\\/www.linkedin.com\\\/company\\\/dies-srl\\\/\"]}]}<\/script>\n<!-- \/ Yoast SEO plugin. -->","yoast_head_json":{"title":"Unsere Geschichte DIES S.r.l. - Progettazione, Costruzione e Realizzazione di Stampi per Lavorazione a Freddo della Lamiera","description":"Unsere Geschichte DIES: Entstehungsgeschichte, Wachstum und Verbesserung, Qualit\u00e4t und Kontrolle, Innovation und Energie, neues Unternehmensverm\u00f6gen","robots":{"index":"index","follow":"follow","max-snippet":"max-snippet:-1","max-image-preview":"max-image-preview:large","max-video-preview":"max-video-preview:-1"},"canonical":"https:\/\/www.dies.it\/de\/unsere-geschichte\/","og_locale":"de_DE","og_type":"article","og_title":"Unsere Geschichte DIES S.r.l. - Progettazione, Costruzione e Realizzazione di Stampi per Lavorazione a Freddo della Lamiera","og_description":"Unsere Geschichte DIES: Entstehungsgeschichte, Wachstum und Verbesserung, Qualit\u00e4t und Kontrolle, Innovation und Energie, neues Unternehmensverm\u00f6gen","og_url":"https:\/\/www.dies.it\/de\/unsere-geschichte\/","og_site_name":"DIES S.r.l. - Progettazione, Costruzione e Realizzazione di Stampi per Lavorazione a Freddo della Lamiera","article_publisher":"https:\/\/www.facebook.com\/DiesSrl","article_modified_time":"2025-03-24T10:16:52+00:00","og_image":[{"url":"https:\/\/www.dies.it\/wp-content\/uploads\/2024\/12\/dies-storia_1988.jpg","type":"","width":"","height":""}],"twitter_card":"summary_large_image","twitter_misc":{"Gesch\u00e4tzte Lesezeit":"3\u00a0Minuten"},"schema":{"@context":"https:\/\/schema.org","@graph":[{"@type":"WebPage","@id":"https:\/\/www.dies.it\/de\/unsere-geschichte\/","url":"https:\/\/www.dies.it\/de\/unsere-geschichte\/","name":"Unsere Geschichte DIES S.r.l. - Progettazione, Costruzione e Realizzazione di Stampi per Lavorazione a Freddo della Lamiera","isPartOf":{"@id":"https:\/\/www.dies.it\/de\/#website"},"primaryImageOfPage":{"@id":"https:\/\/www.dies.it\/de\/unsere-geschichte\/#primaryimage"},"image":{"@id":"https:\/\/www.dies.it\/de\/unsere-geschichte\/#primaryimage"},"thumbnailUrl":"https:\/\/www.dies.it\/wp-content\/uploads\/2024\/12\/dies-storia_1988.jpg","datePublished":"2024-10-29T14:16:55+00:00","dateModified":"2025-03-24T10:16:52+00:00","description":"Unsere Geschichte DIES: Entstehungsgeschichte, Wachstum und Verbesserung, Qualit\u00e4t und Kontrolle, Innovation und Energie, neues Unternehmensverm\u00f6gen","breadcrumb":{"@id":"https:\/\/www.dies.it\/de\/unsere-geschichte\/#breadcrumb"},"inLanguage":"de","potentialAction":[{"@type":"ReadAction","target":["https:\/\/www.dies.it\/de\/unsere-geschichte\/"]}]},{"@type":"ImageObject","inLanguage":"de","@id":"https:\/\/www.dies.it\/de\/unsere-geschichte\/#primaryimage","url":"https:\/\/www.dies.it\/wp-content\/uploads\/2024\/12\/dies-storia_1988.jpg","contentUrl":"https:\/\/www.dies.it\/wp-content\/uploads\/2024\/12\/dies-storia_1988.jpg"},{"@type":"BreadcrumbList","@id":"https:\/\/www.dies.it\/de\/unsere-geschichte\/#breadcrumb","itemListElement":[{"@type":"ListItem","position":1,"name":"Home","item":"https:\/\/www.dies.it\/de\/home-it\/"},{"@type":"ListItem","position":2,"name":"Unsere Geschichte"}]},{"@type":"WebSite","@id":"https:\/\/www.dies.it\/de\/#website","url":"https:\/\/www.dies.it\/de\/","name":"DIES S.r.l. - Progettazione, Costruzione e Realizzazione di Stampi per Lavorazioni a Freddo della Lamiera","description":"","publisher":{"@id":"https:\/\/www.dies.it\/de\/#organization"},"alternateName":"DIES Stampi","potentialAction":[{"@type":"SearchAction","target":{"@type":"EntryPoint","urlTemplate":"https:\/\/www.dies.it\/de\/?s={search_term_string}"},"query-input":{"@type":"PropertyValueSpecification","valueRequired":true,"valueName":"search_term_string"}}],"inLanguage":"de"},{"@type":"Organization","@id":"https:\/\/www.dies.it\/de\/#organization","name":"DIES S.r.l.","alternateName":"DIES Stampi","url":"https:\/\/www.dies.it\/de\/","logo":{"@type":"ImageObject","inLanguage":"de","@id":"https:\/\/www.dies.it\/de\/#\/schema\/logo\/image\/","url":"https:\/\/www.dies.it\/wp-content\/uploads\/2024\/07\/logo-dies-it.png","contentUrl":"https:\/\/www.dies.it\/wp-content\/uploads\/2024\/07\/logo-dies-it.png","width":252,"height":48,"caption":"DIES S.r.l."},"image":{"@id":"https:\/\/www.dies.it\/de\/#\/schema\/logo\/image\/"},"sameAs":["https:\/\/www.facebook.com\/DiesSrl","https:\/\/www.linkedin.com\/company\/dies-srl\/"]}]}},"_links":{"self":[{"href":"https:\/\/www.dies.it\/de\/wp-json\/wp\/v2\/pages\/6335","targetHints":{"allow":["GET"]}}],"collection":[{"href":"https:\/\/www.dies.it\/de\/wp-json\/wp\/v2\/pages"}],"about":[{"href":"https:\/\/www.dies.it\/de\/wp-json\/wp\/v2\/types\/page"}],"author":[{"embeddable":true,"href":"https:\/\/www.dies.it\/de\/wp-json\/wp\/v2\/users\/1"}],"replies":[{"embeddable":true,"href":"https:\/\/www.dies.it\/de\/wp-json\/wp\/v2\/comments?post=6335"}],"version-history":[{"count":4,"href":"https:\/\/www.dies.it\/de\/wp-json\/wp\/v2\/pages\/6335\/revisions"}],"predecessor-version":[{"id":6339,"href":"https:\/\/www.dies.it\/de\/wp-json\/wp\/v2\/pages\/6335\/revisions\/6339"}],"wp:attachment":[{"href":"https:\/\/www.dies.it\/de\/wp-json\/wp\/v2\/media?parent=6335"}],"curies":[{"name":"wp","href":"https:\/\/api.w.org\/{rel}","templated":true}]}}